{"id":53591,"date":"2025-05-26T06:05:11","date_gmt":"2025-05-26T10:05:11","guid":{"rendered":"https:\/\/cimbcc.org\/test2\/?page_id=53591"},"modified":"2025-05-30T21:15:38","modified_gmt":"2025-05-31T01:15:38","slug":"avis-a-ceux-qui-veulent-payer-par-paypal-ou-carte-de-credit","status":"publish","type":"page","link":"https:\/\/cimbcc.org\/test2\/avis-a-ceux-qui-veulent-payer-par-paypal-ou-carte-de-credit\/","title":{"rendered":"Avis \u00e0 ceux qui veulent payer par Paypal ou carte de credit"},"content":{"rendered":"\n<p>Au cours du processus de paiement, PayPal vous proposera de payer avec PayPal et d\u2019ouvrir un compte PayPal. Vous n\u2019avez pas \u00e0 payer avec PayPal ni \u00e0 ouvrir un compte PayPal. Voici comment proc\u00e9der pour payer avec une carte de cr\u00e9dit ou une carte de d\u00e9bit, sans payer avec PayPal ni ouvrir un compte PayPal&nbsp;:<\/p>\n\n\n\n<ol class=\"wp-block-list\">\n<li>Sur la page suivante, PayPal vous invitera \u00e0 payer avec PayPal. Ignorez cette invitation et cliquez sur le bouton <strong>Payer avec une carte de cr\u00e9dit ou de d\u00e9bit <\/strong>au bas de la page.<\/li>\n\n\n\n<li>Sur la page suivante, PayPal vous invitera \u00e0 payer avec PayPal. Ignorez cette invitation et cliquez sur le bouton Payer avec une carte de cr\u00e9dit ou de d\u00e9bit au bas de la page. Sur la page qui appara\u00eetra, entrez votre adresse de courriel comme demand\u00e9, puis cliquez sur le bouton <strong>Continuer vers le paiement<\/strong>. PayPal a besoin de votre adresse de courriel pour vous envoyer une confirmation de paiement. Note&nbsp;: si vous avez d\u00e9j\u00e0 fait un paiement avec le module de paiement PayPal, cette page n\u2019appara\u00eetra pas, car PayPal a d\u00e9pos\u00e9 un t\u00e9moin (cookie) sur votre ordinateur et ce t\u00e9moin fournit votre adresse de courriel \u00e0 PayPal.<\/li>\n\n\n\n<li>Sur la page qui appara\u00eetra, saisissez les informations demand\u00e9es (il n\u2019est pas n\u00e9cessaire d\u2019entrer votre num\u00e9ro de t\u00e9l\u00e9phone mobile, votre date de naissance et votre profession), puis d\u00e9sactivez l\u2019option <strong>Enregistrez les informations et ouvrez votre compte PayPal<\/strong>. Finalement, cliquez sur le bouton <strong>Payer sans ouvrir de compte.<\/strong><\/li>\n<\/ol>\n\n\n\n<figure class=\"wp-block-gallery has-nested-images columns-default is-cropped wp-block-gallery-1 is-layout-flex wp-block-gallery-is-layout-flex\">\n<figure class=\"wp-block-image size-large\"><img loading=\"lazy\" decoding=\"async\" width=\"125\" height=\"125\" data-id=\"32622\" src=\"https:\/\/cimbcc.org\/test2\/wp-content\/uploads\/photo_barabe_danielle-1.jpg\" alt=\"\" class=\"wp-image-32622\"\/><figcaption class=\"wp-element-caption\">Danielle Barab\u00e9<\/figcaption><\/figure>\n\n\n\n<figure class=\"wp-block-image size-large\"><img loading=\"lazy\" decoding=\"async\" width=\"320\" height=\"240\" data-id=\"50612\" src=\"https:\/\/cimbcc.org\/test2\/wp-content\/uploads\/photo_girard_gilbert.jpg\" alt=\"Gilbert Girard\" class=\"wp-image-50612\" srcset=\"https:\/\/cimbcc.org\/test2\/wp-content\/uploads\/photo_girard_gilbert.jpg 320w, https:\/\/cimbcc.org\/test2\/wp-content\/uploads\/photo_girard_gilbert-300x225.jpg 300w\" sizes=\"auto, (max-width: 320px) 100vw, 320px\" \/><figcaption class=\"wp-element-caption\">Gilbert Girard<\/figcaption><\/figure>\n\n\n\n<figure class=\"wp-block-image size-large\"><img loading=\"lazy\" decoding=\"async\" width=\"125\" height=\"125\" data-id=\"24085\" src=\"https:\/\/cimbcc.org\/test2\/wp-content\/uploads\/photo_garneau_sylvain.jpg\" alt=\"\" class=\"wp-image-24085\"\/><figcaption class=\"wp-element-caption\">Sylvain Garneau<\/figcaption><\/figure>\n<\/figure>\n\n\n\n<p><\/p>\n\n\n\n<p><\/p>\n","protected":false},"excerpt":{"rendered":"<p>Au cours du processus de paiement, PayPal vous proposera de payer avec PayPal et d\u2019ouvrir un compte PayPal. Vous n\u2019avez pas \u00e0 payer avec PayPal ni \u00e0 ouvrir un compte PayPal. Voici comment proc\u00e9der pour payer avec une carte de cr\u00e9dit ou une carte de d\u00e9bit, sans payer avec PayPal ni ouvrir un compte PayPal&nbsp;:<\/p>\n","protected":false},"author":23,"featured_media":0,"parent":0,"menu_order":0,"comment_status":"closed","ping_status":"closed","template":"","meta":{"footnotes":""},"class_list":["post-53591","page","type-page","status-publish","hentry"],"_links":{"self":[{"href":"https:\/\/cimbcc.org\/test2\/wp-json\/wp\/v2\/pages\/53591","targetHints":{"allow":["GET"]}}],"collection":[{"href":"https:\/\/cimbcc.org\/test2\/wp-json\/wp\/v2\/pages"}],"about":[{"href":"https:\/\/cimbcc.org\/test2\/wp-json\/wp\/v2\/types\/page"}],"author":[{"embeddable":true,"href":"https:\/\/cimbcc.org\/test2\/wp-json\/wp\/v2\/users\/23"}],"replies":[{"embeddable":true,"href":"https:\/\/cimbcc.org\/test2\/wp-json\/wp\/v2\/comments?post=53591"}],"version-history":[{"count":15,"href":"https:\/\/cimbcc.org\/test2\/wp-json\/wp\/v2\/pages\/53591\/revisions"}],"predecessor-version":[{"id":53795,"href":"https:\/\/cimbcc.org\/test2\/wp-json\/wp\/v2\/pages\/53591\/revisions\/53795"}],"wp:attachment":[{"href":"https:\/\/cimbcc.org\/test2\/wp-json\/wp\/v2\/media?parent=53591"}],"curies":[{"name":"wp","href":"https:\/\/api.w.org\/{rel}","templated":true}]}}