{"id":5917,"date":"2013-03-26T18:19:36","date_gmt":"2013-03-26T23:19:36","guid":{"rendered":"https:\/\/cimbcc.org\/test2\/?page_id=5917"},"modified":"2024-08-02T21:59:49","modified_gmt":"2024-08-03T01:59:49","slug":"reglements-du-club","status":"publish","type":"page","link":"https:\/\/cimbcc.org\/test2\/a-propos-du-club\/reglements-du-club\/","title":{"rendered":"R\u00e8glements g\u00e9n\u00e9raux du Club"},"content":{"rendered":"<p id=\"haut_page\" style=\"text-align: justify;\"><em><span style=\"font-size: 14pt;\">Les r\u00e8glements g\u00e9n\u00e9raux du Club informatique Mont-Bruno ont \u00e9t\u00e9 approuv\u00e9s par l\u2019assembl\u00e9e g\u00e9n\u00e9rale annuelle du 11\u00a0avril 2012.<\/span><\/em><\/p>\n<p><em><span style=\"font-size: 14pt;\">Des modifications aux articles num\u00e9ros 5, 6, 13, 15 et 16 ont \u00e9t\u00e9 ratifi\u00e9es par l\u2019assembl\u00e9e g\u00e9n\u00e9rale annuelle du 30\u00a0septembre 2020 sur une proposition du conseil d\u2019administration qui les avait adopt\u00e9es le 1<sup>er<\/sup> septembre 2020.<\/span><\/em><\/p>\n<p><span style=\"font-size: 14pt;\"><i>Des modifications aux articles num\u00e9ros 4, 5, 7, 8 et 11 ont \u00e9t\u00e9 ratifi\u00e9es par l&rsquo;assembl\u00e9e g\u00e9n\u00e9rale annuelle du 18 octobre 2023 sur une proposition du conseil d&rsquo;administration qui les avait adopt\u00e9es le 1<sup>er<\/sup>\u00a0novembre 2022.<\/i><\/span><\/p>\n<p><a href=\"#conseil_d_administration\">Aller \u00e0 <em>B. Conseil d&rsquo;administration<\/em><\/a><br \/>\n<a href=\"#dispositions_financi\u00e8res\">Aller \u00e0 <em>C. Dispositions financi\u00e8res<\/em><\/a><\/p>\n<h2 id=\"dispositions_g\u00e9n\u00e9rales\" style=\"text-align: justify;\"><em><span style=\"color: #ff0000;\">A. Dispositions g\u00e9n\u00e9rales<\/span><\/em><\/h2>\n<h3>1. Nom<\/h3>\n<p>La pr\u00e9sente association est l\u00e9galement constitu\u00e9e en corporation sans but lucratif par lettres patentes \u00e9mises et enregistr\u00e9es le 17 octobre 1996 (matricule 1146233367), sous l&#8217;empire de la troisi\u00e8me partie de la <em>Loi des compagnies du Qu\u00e9bec<\/em>, sous la d\u00e9nomination sociale de <strong>Club informatique Mont-Bruno<\/strong>.<\/p>\n<p>L\u2019acronyme <strong>CIMBCC<\/strong> (Club informatique Mont-Bruno Computer Club) et le mot Club ou association sont aussi utilis\u00e9s dans ces r\u00e8glements g\u00e9n\u00e9raux pour d\u00e9signer la corporation.<\/p>\n<p>Pour all\u00e9ger la lecture du texte, il est entendu que chaque fois que nous employons le masculin, nous incluons d\u00e9lib\u00e9r\u00e9ment le f\u00e9minin.<\/p>\n<h3>\u00a02. Si\u00e8ge social<\/h3>\n<p>Le si\u00e8ge social du Club est situ\u00e9 \u00e0 l&rsquo;adresse d\u00e9termin\u00e9e par le conseil d\u2019administration.<\/p>\n<h3>\u00a03. Nature<\/h3>\n<p>Le Club est un organisme \u00e0 but non lucratif qui regroupe des personnes int\u00e9ress\u00e9es \u00e0 partager leurs connaissances et \u00e0 s\u2019entraider en informatique. Le Club a un r\u00f4le d&rsquo;animation et de service. Il veille \u00e0 ce que toute activit\u00e9 soit conforme \u00e0 sa mission et sa politique.<\/p>\n<p>Le partage de connaissances se fait sans aucune forme de garantie. Le Club et ses b\u00e9n\u00e9voles ne garantissent pas l&rsquo;exactitude de l\u2019information pr\u00e9sent\u00e9e et ne sont pas responsables des cons\u00e9quences de l&rsquo;utilisation de cette information par les membres ou par toute autre personne.<\/p>\n<h3><b><\/b>4. Objets<\/h3>\n<p>Les objets pour lesquels l\u2019association est constitu\u00e9e sont les suivants\u00a0:<\/p>\n<ol>\n<li>diffuser de l\u2019information sur les appareils informatiques, l\u2019Internet et les nouvelles technologies \u00a0;<\/li>\n<li>favoriser un service d\u2019entraide pour les membres.<\/li>\n<\/ol>\n<h3>5. Membres<\/h3>\n<p>Est <strong>membre r\u00e9gulier<\/strong> du CIMBCC toute personne qui s\u2019inscrit, paye la cotisation annuelle d\u00e9termin\u00e9e par le conseil d\u2019administration et dont l\u2019\u00e9tat de membre n\u2019est pas r\u00e9voqu\u00e9 par le conseil d\u2019administration. L\u2019\u00e9tat de membre r\u00e9gulier du Club se termine le 30 septembre de l&rsquo;ann\u00e9e suivant la date o\u00f9 le membre a pay\u00e9 sa cotisation.<\/p>\n<p>Est <strong>membre honoraire<\/strong> du CIMBCC toute personne admise \u00e0 ce titre par le conseil d\u2019administration. Les membres honoraires sont consid\u00e9r\u00e9s comme des membres r\u00e9guliers, mais ils ne paient pas de cotisation annuelle ; ils ont les m\u00eames droits que les membres r\u00e9guliers.<\/p>\n<p>Est <strong>membre associ\u00e9<\/strong>\u00a0toute personne qui est d\u00e9sign\u00e9e comme telle par le conseil d\u2019administration en vertu de l\u2019engagement social du Club ou parce que cette personne est ou peut \u00eatre utile au Club. Les membres associ\u00e9s sont consid\u00e9r\u00e9s comme des membres r\u00e9guliers, mais ils ne paient pas de cotisation annuelle; ils ont les m\u00eames droits que les membres r\u00e9guliers.<\/p>\n<p>Tout membre peut \u00eatre exclu du Club par le conseil d\u2019administration\u00a0:<\/p>\n<ul>\n<li>pour infraction grave \u00e0 un des r\u00e8glements de l\u2019association ; ou<\/li>\n<li>pour conduite ou activit\u00e9s jug\u00e9es nuisibles \u00e0 l\u2019association ; ou<\/li>\n<li>pour d\u00e9tournement ou appropriation d\u2019un actif de l\u2019association.<\/li>\n<\/ul>\n<p>Cette exclusion prend effet \u00e0 la r\u00e9ception par le membre d&rsquo;un avis \u00e9crit et envoy\u00e9 par courrier recommand\u00e9.<\/p>\n<h3>6. Assembl\u00e9e g\u00e9n\u00e9rale<\/h3>\n<p><em><b>Composition<\/b><\/em><\/p>\n<ul>\n<li>Tous les membres r\u00e9guliers peuvent participer \u00e0 une assembl\u00e9e g\u00e9n\u00e9rale.<\/li>\n<\/ul>\n<p><em><b>Assembl\u00e9e g\u00e9n\u00e9rale annuelle<\/b><\/em><\/p>\n<ul>\n<li>Le conseil d\u2019administration tient au moins une (1) assembl\u00e9e g\u00e9n\u00e9rale chaque ann\u00e9e, entre le 30 juin et le 1er novembre.<\/li>\n<li>Le lieu et la date de l\u2019assembl\u00e9e sont d\u00e9termin\u00e9s par le conseil d&rsquo;administration.<\/li>\n<\/ul>\n<p><em><b>Assembl\u00e9e g\u00e9n\u00e9rale extraordinaire<\/b><\/em><\/p>\n<ul>\n<li>Le conseil d\u2019administration peut tenir des assembl\u00e9es g\u00e9n\u00e9rales extraordinaires.<\/li>\n<li>Le conseil d\u2019administration doit tenir une assembl\u00e9e g\u00e9n\u00e9rale extraordinaire sur requ\u00eate \u00e9crite adress\u00e9e au secr\u00e9taire par vingt (20) membres r\u00e9guliers ; l\u2019assembl\u00e9e devra se tenir dans les quarante-cinq (45) jours de la r\u00e9ception de la requ\u00eate.<\/li>\n<\/ul>\n<p><em><b>Avis de convocation<\/b><\/em><\/p>\n<ul>\n<li>L&rsquo;avis de convocation pour une assembl\u00e9e g\u00e9n\u00e9rale annuelle ou extraordinaire, adress\u00e9 par courriel \u00e0 tous les membres, doit leur \u00eatre achemin\u00e9 au moins quinze (15) jours avant la date de ladite assembl\u00e9e.<\/li>\n<\/ul>\n<p><em><b>Ordre du jour\u00a0<\/b><\/em><\/p>\n<ul>\n<li>L\u2019ordre du jour accompagnera l&rsquo;avis de convocation \u00e0 une assembl\u00e9e g\u00e9n\u00e9rale annuelle et ne pourra \u00eatre modifi\u00e9, sauf s&rsquo;il y a unanimit\u00e9 de l&rsquo;assembl\u00e9e g\u00e9n\u00e9rale.<\/li>\n<li>L\u2019ordre du jour accompagnera l&rsquo;avis de convocation \u00e0 une assembl\u00e9e g\u00e9n\u00e9rale extraordinaire et ne pourra par la suite \u00eatre modifi\u00e9.<\/li>\n<\/ul>\n<p><b><em>Quorum<\/em>\u00a0<\/b><\/p>\n<ul>\n<li>Le quorum de l&rsquo;assembl\u00e9e g\u00e9n\u00e9rale annuelle et d\u2019une assembl\u00e9e g\u00e9n\u00e9rale extraordinaire est de 20 membres.<\/li>\n<\/ul>\n<p><b><em>Vote<\/em>\u00a0<\/b><\/p>\n<ul>\n<li>\u00c0 toute assembl\u00e9e g\u00e9n\u00e9rale, chaque membre r\u00e9gulier a droit \u00e0 un vote par tour de scrutin.<\/li>\n<li>Le vote se fait \u00e0 main lev\u00e9e, sauf pour l\u2019\u00e9lection des membres du conseil d\u2019administration.<\/li>\n<li>\u00c0 la demande d&rsquo;un membre, il y a vote secret.<\/li>\n<li>En cas d&rsquo;\u00e9galit\u00e9 des voix, le pr\u00e9sident a un vote pr\u00e9pond\u00e9rant s&rsquo;il a les qualit\u00e9s d&rsquo;\u00e9lecteur, sauf dans le cas d\u2019un vote secret.<\/li>\n<\/ul>\n<p><em><b>Pouvoirs de l\u2019assembl\u00e9e g\u00e9n\u00e9rale annuelle<\/b><\/em><\/p>\n<ul>\n<li>\u00c9lire les membres du conseil d&rsquo;administration.<\/li>\n<li>\u00catre inform\u00e9e des \u00e9tats financiers et pr\u00e9visions budg\u00e9taires.<\/li>\n<li>Recevoir les rapports annuels du conseil d&rsquo;administration.<\/li>\n<li>D\u00e9lib\u00e9rer sur toutes les propositions et tous les rapports qui lui sont pr\u00e9sent\u00e9s.<\/li>\n<\/ul>\n<h3>7. Dissolution<\/h3>\n<p>L&rsquo;association ne peut \u00eatre dissoute que par une r\u00e9solution d\u2019une assembl\u00e9e g\u00e9n\u00e9rale approuv\u00e9e par les 2\/3 des membres votants demandant \u00e0 l\u2019Inspecteur g\u00e9n\u00e9ral d\u2019accepter sa dissolution. Le projet de cette r\u00e9solution doit \u00eatre pr\u00e9sent\u00e9 aux membres en m\u00eame temps que l&rsquo;avis de convocation.<\/p>\n<p>En cas de liquidation de l\u2019association ou de distribution des biens de l\u2019association, ces derniers seront d\u00e9volus \u00e0 une organisation sans but lucratif de la r\u00e9gion ou \u00e0 une institution d\u2019enseignement reconnue par le minist\u00e8re de l\u2019\u00c9ducation du Qu\u00e9bec.<\/p>\n<p><a href=\"#dispositions_g\u00e9n\u00e9rales\">Retourner \u00e0 <em>A. Dispositions g\u00e9n\u00e9rales<\/em><\/a><br \/>\n<a href=\"#dispositions_financi\u00e8res\">Aller \u00e0 <em>C. Dispositions financi\u00e8res<\/em><\/a><br \/>\n<a href=\"#haut_page\">Retourner en haut de la page<\/a><\/p>\n<h2 id=\"conseil_d_administration\" style=\"text-align: justify;\"><em><span style=\"color: #ff0000;\">B. Conseil d&rsquo;administration<\/span><\/em><\/h2>\n<h3>8. Conseil d\u2019administration<\/h3>\n<p><em><b>R\u00f4le<\/b><\/em><\/p>\n<ul>\n<li>Le conseil d\u2019administration oriente la gestion g\u00e9n\u00e9rale du Club et s\u2019assure de sa bonne qualit\u00e9.<\/li>\n<\/ul>\n<p><em><b>Composition<\/b><\/em><\/p>\n<ul>\n<li>Le conseil d\u2019administration se compose d\u2019un maximum de seize (16) membres r\u00e9guliers \u00e9lus pour deux ans lors d\u2019une assembl\u00e9e g\u00e9n\u00e9rale annuelle. Huit membres sont \u00e9lus chaque ann\u00e9e. Lors d\u2019une assembl\u00e9e g\u00e9n\u00e9rale annuelle, il est possible d\u2019\u00e9lire un membre pour un an pour terminer le mandat d\u2019un administrateur dont la d\u00e9mission a \u00e9t\u00e9 accept\u00e9e, ou qui a \u00e9t\u00e9 disqualifi\u00e9 ou est d\u00e9c\u00e9d\u00e9. Tout membre r\u00e9gulier ayant \u0153uvr\u00e9 au Club comme b\u00e9n\u00e9vole, est \u00e9ligible au conseil d&rsquo;administration.<\/li>\n<li>Le conseil d\u2019administration peut inviter des membres du Club ou des personnes externes au Club \u00e0 participer aux discussions du conseil, mais ces personnes n\u2019ont pas droit de vote.<\/li>\n<\/ul>\n<p><em><b>\u00c9lections des membres du conseil d\u2019administration<\/b><\/em><\/p>\n<ul>\n<li>Un comit\u00e9 de nomination \u00e9tabli par le conseil d\u2019administration re\u00e7oit les candidatures au conseil d\u2019administration jusqu\u2019\u00e0 midi le septi\u00e8me jour avant l\u2019assembl\u00e9e g\u00e9n\u00e9rale.\n<ul style=\"list-style-type: square;\">\n<li>S\u2019il y a plus de candidats que de postes \u00e0 combler\u00a0:<\/li>\n<\/ul>\n<ul>\n<li style=\"list-style-type: none;\">\n<ul style=\"list-style-type: circle;\">\n<li>l&rsquo;assembl\u00e9e g\u00e9n\u00e9rale \u00e9lit parmi les personnes pr\u00e9sentes un directeur d&rsquo;\u00e9lection qui a un droit de vote ordinaire ;<\/li>\n<li>le directeur d\u2019\u00e9lection proc\u00e8de \u00e0 un vote secret pour d\u00e9terminer les membres du conseil d\u2019administration ;<\/li>\n<li>lors du vote, chaque membre pr\u00e9sent choisit un nombre de membres ne d\u00e9passant pas le nombre de postes \u00e0 combler dans la liste des candidats ;<\/li>\n<li>les personnes ayant obtenu le plus de votes sont \u00e9lues.<\/li>\n<\/ul>\n<\/li>\n<\/ul>\n<\/li>\n<li>Lors de la premi\u00e8re r\u00e9union du nouveau conseil d&rsquo;administration, les membres du conseil d&rsquo;administration \u00e9lisent parmi eux un pr\u00e9sident, un vice-pr\u00e9sident, un secr\u00e9taire et un tr\u00e9sorier.<\/li>\n<\/ul>\n<p><em><b>Destitution d\u2019un membre du conseil d\u2019administration<\/b><\/em><\/p>\n<p>Un membre du conseil d\u2019administration peut \u00eatre d\u00e9mis de sa qualit\u00e9 d\u2019administrateur du Club par une r\u00e9solution adopt\u00e9e en assembl\u00e9e g\u00e9n\u00e9rale extraordinaire :<\/p>\n<ul>\n<li>s\u2019il omet de se pr\u00e9senter \u00e0 3 (trois) r\u00e9unions cons\u00e9cutives du conseil sans raison valable ; ou<\/li>\n<li>s\u2019il omet de payer sa cotisation annuelle ; ou<\/li>\n<li>s\u2019il a commis une infraction grave \u00e0 un des r\u00e8glements de l\u2019association ; ou<\/li>\n<li>s\u2019il se comporte d\u2019une fa\u00e7on jug\u00e9e nuisible aux activit\u00e9s du conseil.<\/li>\n<\/ul>\n<h3>9. Comit\u00e9 ex\u00e9cutif<\/h3>\n<p><em><b>R\u00f4le<\/b><\/em><\/p>\n<p>Le conseil d\u2019administration peut d\u00e9l\u00e9guer certains pouvoirs \u00e0 un comit\u00e9 ex\u00e9cutif.<\/p>\n<p><em><b>Composition<\/b><\/em><\/p>\n<p>Le comit\u00e9 ex\u00e9cutif se compose du pr\u00e9sident, du vice-pr\u00e9sident, du secr\u00e9taire et du tr\u00e9sorier du conseil d\u2019administration. Ces personnes exercent au sein du comit\u00e9 ex\u00e9cutif les m\u00eames fonctions qu\u2019elles exercent au conseil d\u2019administration.<\/p>\n<p>Le comit\u00e9 ex\u00e9cutif peut inviter des membres du Club ou des personnes externes au Club \u00e0 participer aux discussions du comit\u00e9, mais ces personnes n\u2019ont pas droit de vote.<\/p>\n<h3>10. Fin des mandats<\/h3>\n<p>Les mandats arrivant \u00e0 expiration se terminent \u00e0 la fin de l\u2019assembl\u00e9e g\u00e9n\u00e9rale annuelle.<\/p>\n<p>Tout administrateur peut d\u00e9missionner de son poste en le signifiant par lettre envoy\u00e9e au secr\u00e9taire du conseil d&rsquo;administration. Cette d\u00e9mission prend effet apr\u00e8s son acceptation par une r\u00e9solution du conseil d&rsquo;administration.<\/p>\n<h3>11. Fonctions<\/h3>\n<p>Le conseil d\u2019administration a pour fonction\u00a0:<\/p>\n<ul>\n<li>de d\u00e9terminer l\u2019adresse du si\u00e8ge social du Club ;<\/li>\n<li>de proposer une mission, une politique et des orientations ;<\/li>\n<li>de s\u2019assurer que la mission, la politique et les orientations du Club sont respect\u00e9es ;<\/li>\n<li>d\u2019ex\u00e9cuter les r\u00e9solutions vot\u00e9es par les membres en assembl\u00e9e g\u00e9n\u00e9rale ;<\/li>\n<li>d\u2019\u00e9tudier les dossiers pr\u00e9sent\u00e9s par les membres du conseil d\u2019administration ou les membres du Club ;<\/li>\n<li>de d\u00e9cider des questions ordinaires pour la bonne marche du Club ;<\/li>\n<li>de pr\u00e9parer, d\u2019adopter et d\u2019administrer le budget du Club ;<\/li>\n<li>de nommer les responsables d&rsquo;activit\u00e9s et de les relever de leurs fonctions si leur travail n&rsquo;est pas satisfaisant ;<\/li>\n<li>de d\u00e9terminer les t\u00e2ches \u00e0 r\u00e9aliser et de les r\u00e9partir entre ses membres ;<\/li>\n<li>de former tout comit\u00e9 sp\u00e9cial qu&rsquo;il juge \u00e0 propos et de recevoir les rapports de ces comit\u00e9s ;<\/li>\n<li>de nommer les membres honoraires du Club ;<\/li>\n<li>de d\u00e9signer les membres associ\u00e9s qui sont admis sans payer la cotisation.<\/li>\n<\/ul>\n<h3>12. R\u00e9unions du conseil d\u2019administration et du comit\u00e9 ex\u00e9cutif<\/h3>\n<p><em><b>Les r\u00e9unions du conseil d\u2019administration<\/b><\/em><\/p>\n<ul>\n<li>Le conseil d\u2019administration se r\u00e9unit aussi souvent que le pr\u00e9sident le juge \u00e0 propos, ou \u00e0 la demande de trois membres du conseil.<\/li>\n<li>Le quorum est form\u00e9 de la moiti\u00e9 des membres du conseil.<\/li>\n<li>Les d\u00e9cisions se prennent \u00e0 la majorit\u00e9 des membres du conseil pr\u00e9sents. Le pr\u00e9sident a droit \u00e0 un vote pr\u00e9pond\u00e9rant en cas d\u2019\u00e9galit\u00e9.<\/li>\n<\/ul>\n<p><em><b>Les r\u00e9unions du comit\u00e9 ex\u00e9cutif<\/b><\/em><\/p>\n<ul>\n<li>Le comit\u00e9 ex\u00e9cutif se r\u00e9unit aussi souvent que le pr\u00e9sident le juge \u00e0 propos, ou \u00e0 la demande de deux membres du comit\u00e9.<\/li>\n<li>Le quorum du comit\u00e9 est de trois personnes.<\/li>\n<li>Les d\u00e9cisions du comit\u00e9 se prennent \u00e0 la majorit\u00e9 des membres pr\u00e9sents. Le pr\u00e9sident a un vote pr\u00e9pond\u00e9rant en cas d\u2019\u00e9galit\u00e9.<\/li>\n<\/ul>\n<h3>13. Vacance<\/h3>\n<p>Lors de la r\u00e9union du conseil d\u2019administration qui suit la d\u00e9mission du pr\u00e9sident, du vice-pr\u00e9sident, du secr\u00e9taire ou du tr\u00e9sorier, les membres du conseil d&rsquo;administration \u00e9lisent parmi eux une personne au poste vacant.<\/p>\n<p>Une vacance cr\u00e9\u00e9e par la d\u00e9mission d\u2019un administrateur peut \u00eatre combl\u00e9e pour le reste du terme par un b\u00e9n\u00e9vole nomm\u00e9 par le conseil d&rsquo;administration.<\/p>\n<p>Note\u00a0: le pr\u00e9sident, le vice-pr\u00e9sident, le secr\u00e9taire et le tr\u00e9sorier peuvent d\u00e9missionner de leur fonction tout en conservant leur titre d\u2019administrateur.<\/p>\n<h3>14. Responsabilit\u00e9s particuli\u00e8res<\/h3>\n<p><em><b>Pr\u00e9sident<\/b><\/em><\/p>\n<ul>\n<li>Pr\u00e9sider les assembl\u00e9es g\u00e9n\u00e9rales, les r\u00e9unions du conseil d\u2019administration et les r\u00e9unions du comit\u00e9 ex\u00e9cutif.<\/li>\n<li>Pr\u00e9senter \u00e0 l\u2019assembl\u00e9e g\u00e9n\u00e9rale son rapport annuel.<\/li>\n<li>Remplir toute autre fonction connexe demand\u00e9e par le conseil d\u2019administration.<\/li>\n<\/ul>\n<p><em><b>Vice-pr\u00e9sident<\/b><\/em><\/p>\n<ul>\n<li>Assister le pr\u00e9sident au besoin.<\/li>\n<li>Remplir toute autre fonction connexe demand\u00e9e par le conseil d\u2019administration.<\/li>\n<\/ul>\n<p><em><b>Secr\u00e9taire<\/b><\/em><\/p>\n<ul>\n<li>Faire parvenir aux participants les avis de convocation et les ordres du jour des assembl\u00e9es g\u00e9n\u00e9rales, des r\u00e9unions du conseil d\u2019administration et des r\u00e9unions du comit\u00e9 ex\u00e9cutif.<\/li>\n<li>R\u00e9diger les proc\u00e8s-verbaux des assembl\u00e9es g\u00e9n\u00e9rales, des r\u00e9unions du conseil d\u2019administration et des r\u00e9unions du comit\u00e9 ex\u00e9cutif.<\/li>\n<li>S&rsquo;assurer de la publication et de la distribution des documents n\u00e9cessaires aux assembl\u00e9es g\u00e9n\u00e9rales, aux r\u00e9unions du conseil d\u2019administration et aux r\u00e9unions du comit\u00e9 ex\u00e9cutif.<\/li>\n<li>Conserver la documentation envoy\u00e9e au secr\u00e9tariat et la transmettre \u00e0 qui de droit au besoin.<\/li>\n<li>Remplir toute autre fonction connexe demand\u00e9e par le conseil d\u2019administration.<\/li>\n<\/ul>\n<p><b><em>Tr\u00e9sorier<\/em>\u00a0<\/b><\/p>\n<ul>\n<li>Administrer les fonds du Club selon les directives du conseil d\u2019administration.<\/li>\n<li>Tenir l\u2019inventaire du mat\u00e9riel.<\/li>\n<li>Pr\u00e9senter annuellement au conseil d\u2019administration, pour approbation, les \u00e9tats financiers de l\u2019ann\u00e9e termin\u00e9e.<\/li>\n<li>Pr\u00e9senter annuellement au conseil d\u2019administration, pour approbation, les pr\u00e9visions budg\u00e9taires pour la prochaine ann\u00e9e.<\/li>\n<li>Pr\u00e9senter \u00e0 l\u2019assembl\u00e9e g\u00e9n\u00e9rale, pour information, les \u00e9tats financiers de l&rsquo;ann\u00e9e termin\u00e9e et les pr\u00e9visions budg\u00e9taires pour la prochaine ann\u00e9e.<\/li>\n<li>Remplir toute autre fonction connexe demand\u00e9e par le conseil d\u2019administration.<\/li>\n<\/ul>\n<p><a href=\"#dispositions_g\u00e9n\u00e9rales\">Retourner \u00e0 <em>A. Dispositions g\u00e9n\u00e9rales<\/em><\/a><br \/>\n<a href=\"#conseil_d_administration\">Retourner \u00e0 <em>B. Conseil d&rsquo;administration<\/em><\/a><br \/>\n<a href=\"#haut_page\">Retourner en haut de la page<\/a><\/p>\n<h2 id=\"dispositions_financi\u00e8res\" style=\"text-align: justify;\"><em><span style=\"color: #ff0000;\">C. Dispositions financi\u00e8res<\/span><\/em><\/h2>\n<h3>15. Ann\u00e9e financi\u00e8re<\/h3>\n<p>L&rsquo;ann\u00e9e financi\u00e8re du Club se termine le 30 juin.<\/p>\n<h3>16. \u00c9tats financiers<\/h3>\n<p>Les \u00e9tats financiers comprenant un \u00e9tat des revenus, des d\u00e9penses, de l&rsquo;actif et du passif pour chaque ann\u00e9e financi\u00e8re sont transmis par le tr\u00e9sorier au conseil d\u2019administration dans les 60 jours suivant la fin de l\u2019ann\u00e9e financi\u00e8re.<\/p>\n<p>Le conseil d&rsquo;administration adopte ces \u00e9tats financiers, avec ou sans modifications, et il en informe les membres du Club.<\/p>\n<h3>17. Pr\u00e9visions budg\u00e9taires<\/h3>\n<p>Le tr\u00e9sorier pr\u00e9pare chaque ann\u00e9e les pr\u00e9visions budg\u00e9taires du prochain exercice financier et les soumet au conseil d\u2019administration.<\/p>\n<p>Le conseil adopte ces pr\u00e9visions, avec ou sans modifications, et en informe les membres du Club.<\/p>\n<h3>18. Effets de commerce<\/h3>\n<p>Les ch\u00e8ques, billets ou autres effets de commerce du Club sont sign\u00e9s par au moins deux personnes selon les r\u00e8gles suivantes :<\/p>\n<ul>\n<li>le tr\u00e9sorier et le pr\u00e9sident ; ou<\/li>\n<li>le tr\u00e9sorier ou le pr\u00e9sident et une deuxi\u00e8me personne autoris\u00e9e \u00e0 cette fin par le conseil d\u2019administration.<\/li>\n<\/ul>\n<h3>19. Contrats et documents<\/h3>\n<p>Les contrats et autres documents engageant la responsabilit\u00e9 du Club sont au pr\u00e9alable approuv\u00e9s selon les directives du conseil d\u2019administration.<\/p>\n<p><a href=\"#haut_page\">Retourner en haut de la page<\/a><\/p>\n<address>\u00a0<\/address>\n<address><span style=\"font-size: x-small;\">Derni\u00e8re r\u00e9vision de cette page : ao\u00fbt 2024.<br \/>\n<\/span><span style=\"font-size: x-small;\">Responsable de la mise \u00e0 jour de cette page : Richard Gervais.\u00a0<\/span><\/address>\n","protected":false},"excerpt":{"rendered":"<p>Les r\u00e8glements g\u00e9n\u00e9raux du Club informatique Mont-Bruno ont \u00e9t\u00e9 approuv\u00e9s par l\u2019assembl\u00e9e g\u00e9n\u00e9rale annuelle du 11\u00a0avril 2012. Des modifications aux articles num\u00e9ros 5, 6, 13, 15 et 16 ont \u00e9t\u00e9 ratifi\u00e9es par l\u2019assembl\u00e9e g\u00e9n\u00e9rale annuelle du 30\u00a0septembre 2020 sur une proposition du conseil d\u2019administration qui les avait adopt\u00e9es le 1er septembre 2020. Des modifications aux &hellip; <a href=\"https:\/\/cimbcc.org\/test2\/a-propos-du-club\/reglements-du-club\/\" class=\"more-link\">Continuer la lecture de <span class=\"screen-reader-text\">R\u00e8glements g\u00e9n\u00e9raux du Club<\/span>  <span class=\"meta-nav\">&rarr;<\/span><\/a><\/p>\n","protected":false},"author":32,"featured_media":0,"parent":184,"menu_order":400,"comment_status":"closed","ping_status":"closed","template":"","meta":{"footnotes":""},"class_list":["post-5917","page","type-page","status-publish","hentry"],"_links":{"self":[{"href":"https:\/\/cimbcc.org\/test2\/wp-json\/wp\/v2\/pages\/5917","targetHints":{"allow":["GET"]}}],"collection":[{"href":"https:\/\/cimbcc.org\/test2\/wp-json\/wp\/v2\/pages"}],"about":[{"href":"https:\/\/cimbcc.org\/test2\/wp-json\/wp\/v2\/types\/page"}],"author":[{"embeddable":true,"href":"https:\/\/cimbcc.org\/test2\/wp-json\/wp\/v2\/users\/32"}],"replies":[{"embeddable":true,"href":"https:\/\/cimbcc.org\/test2\/wp-json\/wp\/v2\/comments?post=5917"}],"version-history":[{"count":79,"href":"https:\/\/cimbcc.org\/test2\/wp-json\/wp\/v2\/pages\/5917\/revisions"}],"predecessor-version":[{"id":49853,"href":"https:\/\/cimbcc.org\/test2\/wp-json\/wp\/v2\/pages\/5917\/revisions\/49853"}],"up":[{"embeddable":true,"href":"https:\/\/cimbcc.org\/test2\/wp-json\/wp\/v2\/pages\/184"}],"wp:attachment":[{"href":"https:\/\/cimbcc.org\/test2\/wp-json\/wp\/v2\/media?parent=5917"}],"curies":[{"name":"wp","href":"https:\/\/api.w.org\/{rel}","templated":true}]}}