{"id":6078,"date":"2013-04-18T10:42:30","date_gmt":"2013-04-18T15:42:30","guid":{"rendered":"https:\/\/cimbcc.org\/test2\/?page_id=6078"},"modified":"2025-05-03T06:38:02","modified_gmt":"2025-05-03T10:38:02","slug":"entraide","status":"publish","type":"page","link":"https:\/\/cimbcc.org\/test2\/entraide\/","title":{"rendered":"Entraide"},"content":{"rendered":"\n<p><em><span style=\"font-size: 14pt;\">Le Club d\u00e9sire venir en aide \u00e0 ses membres qui ont des questions reli\u00e9es \u00e0 l\u2019informatique ou qui rencontrent des probl\u00e8mes lors de l\u2019utilisation de leur ordinateur, de leur tablette ou de leur t\u00e9l\u00e9phone intelligent.<\/span><\/em><\/p>\n\n\n\n<p><span style=\"font-size: 14pt;\">Pour ce faire, le Club a mis en place les activit\u00e9s d\u00e9crites bri\u00e8vement ci-dessous. <\/span><span style=\"font-size: 14pt;\">Pour obtenir plus d\u2019information sur une activit\u00e9, cliquez sur le lien correspondant qui appara\u00eet lorsque vous pointez (sans cliquer) l\u2019onglet<\/span><em><span style=\"font-size: 14pt;\"> Entraide.<\/span><\/em><\/p>\n\n\n\n<h5 class=\"wp-block-heading\">Assistance technique par courriel<\/h5>\n\n\n\n<p>Des b\u00e9n\u00e9voles r\u00e9pondent aux courriels envoy\u00e9s par les membres.<\/p>\n\n\n\n<h5 class=\"wp-block-heading\">Assistance technique en salle<\/h5>\n\n\n\n<p>Des b\u00e9n\u00e9voles r\u00e9pondent aux questions des membres le mercredi apr\u00e8s-midi et le vendredi apr\u00e8s-midi avant le d\u00e9but des s\u00e9ances de pr\u00e9sentations.<\/p>\n\n\n\n<address><span style=\"font-size: x-small;\">Derni\u00e8re r\u00e9vision de cette page : avril 2025.<br><\/span><span style=\"font-size: x-small;\">Responsable de la mise \u00e0 jour de cette page : Michel Gagn\u00e9.<\/span><\/address>\n","protected":false},"excerpt":{"rendered":"<p>Le Club d\u00e9sire venir en aide \u00e0 ses membres qui ont des questions reli\u00e9es \u00e0 l\u2019informatique ou qui rencontrent des probl\u00e8mes lors de l\u2019utilisation de leur ordinateur, de leur tablette ou de leur t\u00e9l\u00e9phone intelligent. Pour ce faire, le Club a mis en place les activit\u00e9s d\u00e9crites bri\u00e8vement ci-dessous. Pour obtenir plus d\u2019information sur une &hellip; <a href=\"https:\/\/cimbcc.org\/test2\/entraide\/\" class=\"more-link\">Continuer la lecture de <span class=\"screen-reader-text\">Entraide<\/span>  <span class=\"meta-nav\">&rarr;<\/span><\/a><\/p>\n","protected":false},"author":3,"featured_media":0,"parent":0,"menu_order":5,"comment_status":"closed","ping_status":"closed","template":"","meta":{"footnotes":""},"class_list":["post-6078","page","type-page","status-publish","hentry"],"_links":{"self":[{"href":"https:\/\/cimbcc.org\/test2\/wp-json\/wp\/v2\/pages\/6078","targetHints":{"allow":["GET"]}}],"collection":[{"href":"https:\/\/cimbcc.org\/test2\/wp-json\/wp\/v2\/pages"}],"about":[{"href":"https:\/\/cimbcc.org\/test2\/wp-json\/wp\/v2\/types\/page"}],"author":[{"embeddable":true,"href":"https:\/\/cimbcc.org\/test2\/wp-json\/wp\/v2\/users\/3"}],"replies":[{"embeddable":true,"href":"https:\/\/cimbcc.org\/test2\/wp-json\/wp\/v2\/comments?post=6078"}],"version-history":[{"count":42,"href":"https:\/\/cimbcc.org\/test2\/wp-json\/wp\/v2\/pages\/6078\/revisions"}],"predecessor-version":[{"id":53445,"href":"https:\/\/cimbcc.org\/test2\/wp-json\/wp\/v2\/pages\/6078\/revisions\/53445"}],"wp:attachment":[{"href":"https:\/\/cimbcc.org\/test2\/wp-json\/wp\/v2\/media?parent=6078"}],"curies":[{"name":"wp","href":"https:\/\/api.w.org\/{rel}","templated":true}]}}