{"id":61,"date":"2011-06-29T16:19:57","date_gmt":"2011-06-29T21:19:57","guid":{"rendered":"https:\/\/cimbcc.org\/test2"},"modified":"2024-08-10T17:46:25","modified_gmt":"2024-08-10T21:46:25","slug":"partage-de-connaissances","status":"publish","type":"page","link":"https:\/\/cimbcc.org\/test2\/partage-de-connaissances\/","title":{"rendered":"Partage de connaissances"},"content":{"rendered":"<p><em><span style=\"font-size: 14pt;\">Le partage de connaissances est l&rsquo;\u00e9l\u00e9ment principal de la mission du Club. Le Club a mis en place les activit\u00e9s d\u00e9crites bri\u00e8vement ci-dessous pour favoriser l&rsquo;acquisition de nouvelles connaissances par ses membres.<\/span><\/em><\/p>\n<p><em><span style=\"font-size: 14pt;\">Pour obtenir plus d&rsquo;information sur une activit\u00e9, cliquez sur le lien correspondant qui appara\u00eet lorsque vous pointez (sans cliquer) l\u2019onglet <\/span><span style=\"font-size: 14pt;\">Partage de connaissances.<\/span><\/em><\/p>\n<h2><strong>Activit\u00e9s de partage de connaissances<\/strong><\/h2>\n<h5><strong>Cours d&rsquo;initiation offerts dans les biblioth\u00e8ques<\/strong><\/h5>\n<p>Des b\u00e9n\u00e9voles du club offrent des cours pour permettre aux d\u00e9butants de se familiariser avec l\u2019ordinateur et Internet. Ces cours sont offerts dans les biblioth\u00e8ques de Saint-Bruno, de Saint-Basile et de Sainte-Julie. Il n\u2019est pas n\u00e9cessaire d\u2019\u00eatre membre du Club pour y assister.<\/p>\n<h5><strong>Pr\u00e9sentations du mercredi et du vendredi<\/strong><\/h5>\n<p>Environ 60 pr\u00e9sentations sont offertes chaque ann\u00e9e, le mercredi soir et le vendredi apr\u00e8s-midi. Certaines de ces pr\u00e9sentations traitent des concepts de base de l&rsquo;ordinateur et d&rsquo;Internet alors que d&rsquo;autres font d\u00e9couvrir aux participants ce qu&rsquo;ils peuvent faire avec leur ordinateur, leur tablette ou leur t\u00e9l\u00e9phone intelligent.<\/p>\n<h5><strong>Ateliers<\/strong><\/h5>\n<p>Les ateliers permettent \u00e0 un petit groupe de membres de se r\u00e9unir sur une base r\u00e9guli\u00e8re pour approfondir un aspect de l\u2019informatique comme le traitement de texte, les tablettes, les microcontr\u00f4leurs Arduino ou l&rsquo;organisation et l&rsquo;animation d&rsquo;une r\u00e9union Zoom.<\/p>\n<h5>CHIP<\/h5>\n<p>Le Club publie un blogue appel\u00e9 CHIP. Les articles du CHIP traitent de divers sujets reli\u00e9s \u00e0 l&rsquo;informatique et aux autres technologies. Les articles du CHIP sont affich\u00e9s sur le site Web du Club et les abonn\u00e9s du CHIP re\u00e7oivent des infolettres les avisant de la parution d&rsquo;un nouvel article.<\/p>\n<h5><strong>Tutoriels<\/strong><\/h5>\n<p>Les tutoriels documentent de fa\u00e7on d\u00e9taill\u00e9e l\u2019utilisation de certaines fonctions ou de certains logiciels.<\/p>\n<h2><strong>Mise en garde<\/strong><\/h2>\n<p>Les notes et les tutoriels ont \u00e9t\u00e9 pr\u00e9par\u00e9s au meilleur des connaissances des instructeurs du Club. Les administrateurs et les instructeurs d\u00e9clinent toute responsabilit\u00e9 sur les cons\u00e9quences possibles de l\u2019utilisation que vous ferez de ces informations.<\/p>\n<p>Les notes et les tutoriels ont \u00e9t\u00e9 test\u00e9s avant leur publication. Cependant, il est possible que des logiciels et des sites pr\u00e9sent\u00e9s aient \u00e9t\u00e9 modifi\u00e9s depuis. Si c&rsquo;est le cas, vous aurez possiblement \u00e0 ajuster les notes ou les tutoriels pour les adapter aux nouveaux logiciels ou aux nouveaux sites.<\/p>\n<p>&nbsp;<\/p>\n<address><span style=\"font-size: x-small;\">Derni\u00e8re r\u00e9vision de cette page : ao\u00fbt 2024.<br \/>\n<\/span><span style=\"font-size: x-small;\">Responsable de la mise \u00e0 jour de cette page : Michel Gagn\u00e9.\u00a0<\/span><\/address>\n","protected":false},"excerpt":{"rendered":"<p>Le partage de connaissances est l&rsquo;\u00e9l\u00e9ment principal de la mission du Club. Le Club a mis en place les activit\u00e9s d\u00e9crites bri\u00e8vement ci-dessous pour favoriser l&rsquo;acquisition de nouvelles connaissances par ses membres. Pour obtenir plus d&rsquo;information sur une activit\u00e9, cliquez sur le lien correspondant qui appara\u00eet lorsque vous pointez (sans cliquer) l\u2019onglet Partage de connaissances. &hellip; <a href=\"https:\/\/cimbcc.org\/test2\/partage-de-connaissances\/\" class=\"more-link\">Continuer la lecture de <span class=\"screen-reader-text\">Partage de connaissances<\/span>  <span class=\"meta-nav\">&rarr;<\/span><\/a><\/p>\n","protected":false},"author":3,"featured_media":0,"parent":0,"menu_order":4,"comment_status":"closed","ping_status":"closed","template":"","meta":{"footnotes":""},"class_list":["post-61","page","type-page","status-publish","hentry"],"_links":{"self":[{"href":"https:\/\/cimbcc.org\/test2\/wp-json\/wp\/v2\/pages\/61","targetHints":{"allow":["GET"]}}],"collection":[{"href":"https:\/\/cimbcc.org\/test2\/wp-json\/wp\/v2\/pages"}],"about":[{"href":"https:\/\/cimbcc.org\/test2\/wp-json\/wp\/v2\/types\/page"}],"author":[{"embeddable":true,"href":"https:\/\/cimbcc.org\/test2\/wp-json\/wp\/v2\/users\/3"}],"replies":[{"embeddable":true,"href":"https:\/\/cimbcc.org\/test2\/wp-json\/wp\/v2\/comments?post=61"}],"version-history":[{"count":48,"href":"https:\/\/cimbcc.org\/test2\/wp-json\/wp\/v2\/pages\/61\/revisions"}],"predecessor-version":[{"id":53680,"href":"https:\/\/cimbcc.org\/test2\/wp-json\/wp\/v2\/pages\/61\/revisions\/53680"}],"wp:attachment":[{"href":"https:\/\/cimbcc.org\/test2\/wp-json\/wp\/v2\/media?parent=61"}],"curies":[{"name":"wp","href":"https:\/\/api.w.org\/{rel}","templated":true}]}}