{"id":6626,"date":"2013-05-28T10:53:02","date_gmt":"2013-05-28T15:53:02","guid":{"rendered":"https:\/\/cimbcc.org\/test2\/?page_id=6626"},"modified":"2025-05-14T16:45:53","modified_gmt":"2025-05-14T20:45:53","slug":"activites-sociales","status":"publish","type":"page","link":"https:\/\/cimbcc.org\/test2\/autres-services\/activites-sociales\/","title":{"rendered":"Activit\u00e9s sociales"},"content":{"rendered":"\n<p><em><span style=\"font-size: 14pt;\">Le Club informatique Mont-Bruno organise quelques activit\u00e9s sociales qui sont d\u00e9crites ci-apr\u00e8s. Ces activit\u00e9s permettent aux membres et aux b\u00e9n\u00e9voles de se rencontrer et de fraterniser dans une atmosph\u00e8re d\u00e9contract\u00e9e.<\/span><\/em><\/p>\n\n\n\n<h2 class=\"wp-block-heading\">Le Souper de No\u00ebl<\/h2>\n\n\n\n<p>Chaque ann\u00e9e, en d\u00e9cembre, le souper de No\u00ebl a lieu au Centre Marcel Dulude, \u00e0 moins d&rsquo;avis contraire.&nbsp; Il comporte un souper et une soir\u00e9e dansante. Chaque personne apporte sa boisson pr\u00e9f\u00e9r\u00e9e.<\/p>\n\n\n\n<h2 class=\"wp-block-heading\">Le Brunch des b\u00e9n\u00e9voles<\/h2>\n\n\n\n<p>Le Brunch des b\u00e9n\u00e9voles est offert \u00e0 nos b\u00e9n\u00e9voles afin de leur&nbsp; permettre de se rencontrer, de partager leurs id\u00e9es et d\u2019\u00e9changer sur leurs fonctions au sein du Club. Il se tient un dimanche d&rsquo;octobre \u00e0 une date choisie par les membres du conseil d\u2019administration.<\/p>\n\n\n\n<h2 class=\"wp-block-heading\">La Soir\u00e9e des membres<\/h2>\n\n\n\n<p>La Soir\u00e9e des membres a lieu au Chalet Marie-Victorin fin avril ou d\u00e9but mai. Il s&rsquo;agit d&rsquo;un cocktail au cours duquel les membres, accompagn\u00e9s de leur conjoint(e), peuvent se rencontrer et remercier les b\u00e9n\u00e9voles pour leur engagement envers le Club.<\/p>\n\n\n\n<p>Lors de cette soir\u00e9e, l&rsquo;engagement des b\u00e9n\u00e9voles qui ont atteint 5 ans, 10 ans, 15 ans, 20 ans, etc. de b\u00e9n\u00e9volat au Club est soulign\u00e9 et un petit cadeau leur est remis.<\/p>\n\n\n\n<p>Occasionnellement, un membre qui s&rsquo;est distingu\u00e9 par sa contribution au Club au cours d&rsquo;une longue p\u00e9riode est remerci\u00e9 et re\u00e7oit le statut de membre honoraire.<\/p>\n\n\n\n<h2 class=\"wp-block-heading\">Le Souper des b\u00e9n\u00e9voles<\/h2>\n\n\n\n<p>La Souper des b\u00e9n\u00e9voles a lieu un mercredi de mai suivant la Soir\u00e9e des membres. Il s\u2019agit d\u2019un cocktail suivi d\u2019un souper qui permet au Club de remercier les b\u00e9n\u00e9voles pour leur contribution.<\/p>\n\n\n\n<h4 class=\"wp-block-heading\">Co-responsables<\/h4>\n\n\n\t\t\t\t\t\t<div class=\"gallery_box_single\">\n\t\t\t\t\t\t\t\t\t\t\t\t\t\t\t<div class=\"gallery gllr_grid\" data-gllr-columns=\"100\" data-gllr-border-width=\"10\">\n\t\t\t\t\t\t\t\t\t\t\t\t\t\t\t\t\t\t\t\t<div class=\"gllr_image_row\">\n\t\t\t\t\t\t\t\t\t\t\t\t\t\t\t\t\t\t\t\t\t<div class=\"gllr_image_block\">\n\t\t\t\t\t\t\t\t\t\t\t\t<p style=\"\n\t\t\t\t\t\t\t\t\t\t\t\twidth:145px;height:145px;\t\t\t\t\t\t\t\t\t\t\t\t\">\n\t\t\t\t\t\t\t\t\t\t\t\t\t\t\t\t\t\t\t\t\t\t\t\t\t\t\t\t<a data-fancybox=\"gallery_fancybox_48284\" href=\"https:\/\/cimbcc.org\/test2\/wp-content\/uploads\/photo_jutras_pierre.jpg\" title=\"Pierre Jutras\" >\n\t\t\t\t\t\t\t\t\t\t\t\t\t\t\t\t<img decoding=\"async\" width=&quot;125&quot; height=&quot;125&quot; style=\"width:125px; height:125px; border-width: 10px; border-color:#f1f1f1;border: 10px solid #f1f1f1\" alt=\"\" title=\"Pierre Jutras\" src=\"https:\/\/cimbcc.org\/test2\/wp-content\/uploads\/photo_jutras_pierre.jpg\" rel=\"https:\/\/cimbcc.org\/test2\/wp-content\/uploads\/photo_jutras_pierre.jpg\" \/>\t\t\t\t\t\t\t\t\t\t\t\t\t\t\t<\/a>\n\t\t\t\t\t\t\t\t\t\t\t\t\t\t\t\t\t\t\t\t\t\t\t\t\t\t<\/p>\n\t\t\t\t\t\t\t\t\t\t\t\t\t\t\t\t\t\t\t\t\t\t\t\t\t<div \n\t\t\t\t\t\t\t\t\t\t\t\t\tstyle=\"width:145px;\"\t\t\t\t\t\t\t\t\t\t\t\t\tclass=\"gllr_single_image_text gllr_single_image_text_under\">Pierre Jutras&nbsp;<\/div>\n\t\t\t\t\t\t\t\t\t\t\t\t\t\t\t\t\t\t\t\t\t\t\t<\/div><!-- .gllr_image_block -->\n\t\t\t\t\t\t\t\t\t\t\t\t\t\t\t\t\t\t\t\t\t<div class=\"clear\"><\/div>\n\t\t\t\t\t\t\t\t\t\t<\/div><!-- .gllr_image_row -->\n\t\t\t\t\t\t\t\t\t\t\t\t\t\t\t\t\t<\/div><!-- .gallery.clearfix -->\n\t\t\t\t\t\t\t\t\t\t\t\t\t\t<\/div><!-- .gallery_box_single -->\n\t\t\t\t\t\t<div class=\"gllr_clear\"><\/div>\n\t\t\t\t\t\t\n\n\n\n<h4 class=\"wp-block-heading\">Membres de l&rsquo;\u00e9quipe<\/h4>\n\n\n\n<p class=\"has-text-align-left\">\t\t\t\t\t\t<div class=\"gallery_box_single\">\n\t\t\t\t\t\t\t\t\t\t\t\t\t\t\t<div class=\"gallery gllr_grid\" data-gllr-columns=\"100\" data-gllr-border-width=\"10\">\n\t\t\t\t\t\t\t\t\t\t\t\t\t\t\t\t\t\t\t\t<div class=\"gllr_image_row\">\n\t\t\t\t\t\t\t\t\t\t\t\t\t\t\t\t\t\t\t\t\t<div class=\"gllr_image_block\">\n\t\t\t\t\t\t\t\t\t\t\t\t<p style=\"\n\t\t\t\t\t\t\t\t\t\t\t\twidth:145px;height:145px;\t\t\t\t\t\t\t\t\t\t\t\t\">\n\t\t\t\t\t\t\t\t\t\t\t\t\t\t\t\t\t\t\t\t\t\t\t\t\t\t\t\t<a data-fancybox=\"gallery_fancybox_7943\" href=\"https:\/\/cimbcc.org\/test2\/wp-content\/uploads\/photo_lapierre_robert.jpg\" title=\"Robert Lapierre\" >\n\t\t\t\t\t\t\t\t\t\t\t\t\t\t\t\t<img decoding=\"async\" width=&quot;125&quot; height=&quot;125&quot; style=\"width:125px; height:125px; border-width: 10px; border-color:#f1f1f1;border: 10px solid #f1f1f1\" alt=\"\" title=\"Robert Lapierre\" src=\"https:\/\/cimbcc.org\/test2\/wp-content\/uploads\/photo_lapierre_robert.jpg\" rel=\"https:\/\/cimbcc.org\/test2\/wp-content\/uploads\/photo_lapierre_robert.jpg\" \/>\t\t\t\t\t\t\t\t\t\t\t\t\t\t\t<\/a>\n\t\t\t\t\t\t\t\t\t\t\t\t\t\t\t\t\t\t\t\t\t\t\t\t\t\t<\/p>\n\t\t\t\t\t\t\t\t\t\t\t\t\t\t\t\t\t\t\t\t\t\t\t\t\t<div \n\t\t\t\t\t\t\t\t\t\t\t\t\tstyle=\"width:145px;\"\t\t\t\t\t\t\t\t\t\t\t\t\tclass=\"gllr_single_image_text gllr_single_image_text_under\">Robert Lapierre&nbsp;<\/div>\n\t\t\t\t\t\t\t\t\t\t\t\t\t\t\t\t\t\t\t\t\t\t\t<\/div><!-- .gllr_image_block -->\n\t\t\t\t\t\t\t\t\t\t\t\t\t\t\t\t\t\t\t\t\t<div class=\"gllr_image_block\">\n\t\t\t\t\t\t\t\t\t\t\t\t<p style=\"\n\t\t\t\t\t\t\t\t\t\t\t\twidth:145px;height:145px;\t\t\t\t\t\t\t\t\t\t\t\t\">\n\t\t\t\t\t\t\t\t\t\t\t\t\t\t\t\t\t\t\t\t\t\t\t\t\t\t\t\t<a data-fancybox=\"gallery_fancybox_7943\" href=\"https:\/\/cimbcc.org\/test2\/wp-content\/uploads\/photo_carrier_louise.jpg\" title=\"Louise Carrier\" >\n\t\t\t\t\t\t\t\t\t\t\t\t\t\t\t\t<img decoding=\"async\" width=&quot;125&quot; height=&quot;125&quot; style=\"width:125px; height:125px; border-width: 10px; border-color:#f1f1f1;border: 10px solid #f1f1f1\" alt=\"\" title=\"Louise Carrier\" src=\"https:\/\/cimbcc.org\/test2\/wp-content\/uploads\/photo_carrier_louise.jpg\" rel=\"https:\/\/cimbcc.org\/test2\/wp-content\/uploads\/photo_carrier_louise.jpg\" \/>\t\t\t\t\t\t\t\t\t\t\t\t\t\t\t<\/a>\n\t\t\t\t\t\t\t\t\t\t\t\t\t\t\t\t\t\t\t\t\t\t\t\t\t\t<\/p>\n\t\t\t\t\t\t\t\t\t\t\t\t\t\t\t\t\t\t\t\t\t\t\t\t\t<div \n\t\t\t\t\t\t\t\t\t\t\t\t\tstyle=\"width:145px;\"\t\t\t\t\t\t\t\t\t\t\t\t\tclass=\"gllr_single_image_text gllr_single_image_text_under\">Louise Carrier&nbsp;<\/div>\n\t\t\t\t\t\t\t\t\t\t\t\t\t\t\t\t\t\t\t\t\t\t\t<\/div><!-- .gllr_image_block -->\n\t\t\t\t\t\t\t\t\t\t\t\t\t\t\t\t\t\t\t\t\t<div class=\"gllr_image_block\">\n\t\t\t\t\t\t\t\t\t\t\t\t<p style=\"\n\t\t\t\t\t\t\t\t\t\t\t\twidth:145px;height:145px;\t\t\t\t\t\t\t\t\t\t\t\t\">\n\t\t\t\t\t\t\t\t\t\t\t\t\t\t\t\t\t\t\t\t\t\t\t\t\t\t\t\t<a data-fancybox=\"gallery_fancybox_7943\" href=\"https:\/\/cimbcc.org\/test2\/wp-content\/uploads\/photo_cormier_francine.jpg\" title=\"Francine Cormier\" >\n\t\t\t\t\t\t\t\t\t\t\t\t\t\t\t\t<img decoding=\"async\" width=&quot;125&quot; height=&quot;125&quot; style=\"width:125px; height:125px; border-width: 10px; border-color:#f1f1f1;border: 10px solid #f1f1f1\" alt=\"\" title=\"Francine Cormier\" src=\"https:\/\/cimbcc.org\/test2\/wp-content\/uploads\/photo_cormier_francine.jpg\" rel=\"https:\/\/cimbcc.org\/test2\/wp-content\/uploads\/photo_cormier_francine.jpg\" \/>\t\t\t\t\t\t\t\t\t\t\t\t\t\t\t<\/a>\n\t\t\t\t\t\t\t\t\t\t\t\t\t\t\t\t\t\t\t\t\t\t\t\t\t\t<\/p>\n\t\t\t\t\t\t\t\t\t\t\t\t\t\t\t\t\t\t\t\t\t\t\t\t\t<div \n\t\t\t\t\t\t\t\t\t\t\t\t\tstyle=\"width:145px;\"\t\t\t\t\t\t\t\t\t\t\t\t\tclass=\"gllr_single_image_text gllr_single_image_text_under\">Francine Cormier&nbsp;<\/div>\n\t\t\t\t\t\t\t\t\t\t\t\t\t\t\t\t\t\t\t\t\t\t\t<\/div><!-- .gllr_image_block -->\n\t\t\t\t\t\t\t\t\t\t\t\t\t\t\t\t\t\t\t\t\t<div class=\"gllr_image_block\">\n\t\t\t\t\t\t\t\t\t\t\t\t<p style=\"\n\t\t\t\t\t\t\t\t\t\t\t\twidth:145px;height:145px;\t\t\t\t\t\t\t\t\t\t\t\t\">\n\t\t\t\t\t\t\t\t\t\t\t\t\t\t\t\t\t\t\t\t\t\t\t\t\t\t\t\t<a data-fancybox=\"gallery_fancybox_7943\" href=\"https:\/\/cimbcc.org\/test2\/wp-content\/uploads\/photo_belanger_denis.jpg\" title=\"Denis B\u00e9langer\" >\n\t\t\t\t\t\t\t\t\t\t\t\t\t\t\t\t<img decoding=\"async\" width=&quot;125&quot; height=&quot;125&quot; style=\"width:125px; height:125px; border-width: 10px; border-color:#f1f1f1;border: 10px solid #f1f1f1\" alt=\"\" title=\"Denis B\u00e9langer\" src=\"https:\/\/cimbcc.org\/test2\/wp-content\/uploads\/photo_belanger_denis-112x125.jpg\" rel=\"https:\/\/cimbcc.org\/test2\/wp-content\/uploads\/photo_belanger_denis.jpg\" \/>\t\t\t\t\t\t\t\t\t\t\t\t\t\t\t<\/a>\n\t\t\t\t\t\t\t\t\t\t\t\t\t\t\t\t\t\t\t\t\t\t\t\t\t\t<\/p>\n\t\t\t\t\t\t\t\t\t\t\t\t\t\t\t\t\t\t\t\t\t\t\t\t\t<div \n\t\t\t\t\t\t\t\t\t\t\t\t\tstyle=\"width:145px;\"\t\t\t\t\t\t\t\t\t\t\t\t\tclass=\"gllr_single_image_text gllr_single_image_text_under\">Denis B\u00e9langer&nbsp;<\/div>\n\t\t\t\t\t\t\t\t\t\t\t\t\t\t\t\t\t\t\t\t\t\t\t<\/div><!-- .gllr_image_block -->\n\t\t\t\t\t\t\t\t\t\t\t\t\t\t\t\t\t\t\t\t\t<div class=\"gllr_image_block\">\n\t\t\t\t\t\t\t\t\t\t\t\t<p style=\"\n\t\t\t\t\t\t\t\t\t\t\t\twidth:145px;height:145px;\t\t\t\t\t\t\t\t\t\t\t\t\">\n\t\t\t\t\t\t\t\t\t\t\t\t\t\t\t\t\t\t\t\t\t\t\t\t\t\t\t\t<a data-fancybox=\"gallery_fancybox_7943\" href=\"https:\/\/cimbcc.org\/test2\/wp-content\/uploads\/photo_lepage_jocelyne-.jpg\" title=\"Jocelyne Lepage\" >\n\t\t\t\t\t\t\t\t\t\t\t\t\t\t\t\t<img decoding=\"async\" width=&quot;125&quot; height=&quot;125&quot; style=\"width:125px; height:125px; border-width: 10px; border-color:#f1f1f1;border: 10px solid #f1f1f1\" alt=\"\" title=\"Jocelyne Lepage\" src=\"https:\/\/cimbcc.org\/test2\/wp-content\/uploads\/photo_lepage_jocelyne--125x125.jpg\" rel=\"https:\/\/cimbcc.org\/test2\/wp-content\/uploads\/photo_lepage_jocelyne-.jpg\" \/>\t\t\t\t\t\t\t\t\t\t\t\t\t\t\t<\/a>\n\t\t\t\t\t\t\t\t\t\t\t\t\t\t\t\t\t\t\t\t\t\t\t\t\t\t<\/p>\n\t\t\t\t\t\t\t\t\t\t\t\t\t\t\t\t\t\t\t\t\t\t\t\t\t<div \n\t\t\t\t\t\t\t\t\t\t\t\t\tstyle=\"width:145px;\"\t\t\t\t\t\t\t\t\t\t\t\t\tclass=\"gllr_single_image_text gllr_single_image_text_under\">Jocelyne Lepage&nbsp;<\/div>\n\t\t\t\t\t\t\t\t\t\t\t\t\t\t\t\t\t\t\t\t\t\t\t<\/div><!-- .gllr_image_block -->\n\t\t\t\t\t\t\t\t\t\t\t\t\t\t\t\t\t\t\t\t\t<div class=\"clear\"><\/div>\n\t\t\t\t\t\t\t\t\t\t<\/div><!-- .gllr_image_row -->\n\t\t\t\t\t\t\t\t\t\t\t\t\t\t\t\t\t<\/div><!-- .gallery.clearfix -->\n\t\t\t\t\t\t\t\t\t\t\t\t\t\t<\/div><!-- .gallery_box_single -->\n\t\t\t\t\t\t<div class=\"gllr_clear\"><\/div>\n\t\t\t\t\t\t<\/p>\n\n\n\n<p><\/p>\n\n\n\n<div class=\"wp-block-group\"><div class=\"wp-block-group__inner-container is-layout-constrained wp-block-group-is-layout-constrained\">\n<div style=\"height:50px\" aria-hidden=\"true\" class=\"wp-block-spacer\"><\/div>\n\n\n\n<p class=\"has-small-font-size\">Derni\u00e8re r\u00e9vision de cette page : ao\u00fbt 2024.<\/p>\n\n\n\n<p class=\"has-small-font-size\">Responsable de la mise \u00e0 jour de cette page : Sylvain Garneau.<\/p>\n<\/div><\/div>\n","protected":false},"excerpt":{"rendered":"<p>Le Club informatique Mont-Bruno organise quelques activit\u00e9s sociales qui sont d\u00e9crites ci-apr\u00e8s. Ces activit\u00e9s permettent aux membres et aux b\u00e9n\u00e9voles de se rencontrer et de fraterniser dans une atmosph\u00e8re d\u00e9contract\u00e9e. Le Souper de No\u00ebl Chaque ann\u00e9e, en d\u00e9cembre, le souper de No\u00ebl a lieu au Centre Marcel Dulude, \u00e0 moins d&rsquo;avis contraire.&nbsp; Il comporte un &hellip; <a href=\"https:\/\/cimbcc.org\/test2\/gallery\/benevoles_activites_sociales\/\" class=\"more-link\">Continuer la lecture de <span class=\"screen-reader-text\">B\u00e9n\u00e9voles_Activit\u00e9s_sociales<\/span>  <span class=\"meta-nav\">&rarr;<\/span><\/a><\/p>\n","protected":false},"author":3,"featured_media":0,"parent":252,"menu_order":40,"comment_status":"closed","ping_status":"closed","template":"","meta":{"footnotes":""},"class_list":["post-6626","page","type-page","status-publish","hentry"],"_links":{"self":[{"href":"https:\/\/cimbcc.org\/test2\/wp-json\/wp\/v2\/pages\/6626","targetHints":{"allow":["GET"]}}],"collection":[{"href":"https:\/\/cimbcc.org\/test2\/wp-json\/wp\/v2\/pages"}],"about":[{"href":"https:\/\/cimbcc.org\/test2\/wp-json\/wp\/v2\/types\/page"}],"author":[{"embeddable":true,"href":"https:\/\/cimbcc.org\/test2\/wp-json\/wp\/v2\/users\/3"}],"replies":[{"embeddable":true,"href":"https:\/\/cimbcc.org\/test2\/wp-json\/wp\/v2\/comments?post=6626"}],"version-history":[{"count":55,"href":"https:\/\/cimbcc.org\/test2\/wp-json\/wp\/v2\/pages\/6626\/revisions"}],"predecessor-version":[{"id":53559,"href":"https:\/\/cimbcc.org\/test2\/wp-json\/wp\/v2\/pages\/6626\/revisions\/53559"}],"up":[{"embeddable":true,"href":"https:\/\/cimbcc.org\/test2\/wp-json\/wp\/v2\/pages\/252"}],"wp:attachment":[{"href":"https:\/\/cimbcc.org\/test2\/wp-json\/wp\/v2\/media?parent=6626"}],"curies":[{"name":"wp","href":"https:\/\/api.w.org\/{rel}","templated":true}]}}