{"id":6756,"date":"2013-06-12T12:31:57","date_gmt":"2013-06-12T17:31:57","guid":{"rendered":"https:\/\/cimbcc.org\/test2\/?page_id=6756"},"modified":"2025-05-03T06:26:08","modified_gmt":"2025-05-03T10:26:08","slug":"bibliotheque-de-saint-bruno","status":"publish","type":"page","link":"https:\/\/cimbcc.org\/test2\/partage-de-connaissances\/familiarisation-a-linternet\/bibliotheque-de-saint-bruno\/","title":{"rendered":"Biblioth\u00e8que de Saint-Bruno"},"content":{"rendered":"\n<h2 class=\"wp-block-heading\">82, boul. Seigneurial Ouest, Saint-Bruno<\/h2>\n\n\n<div class=\"wp-block-image\">\n<figure class=\"alignleft\"><a href=\"https:\/\/cimbcc.org\/test2\/wp-content\/uploads\/photo-bibli-st-bruno.jpg\"><img loading=\"lazy\" decoding=\"async\" width=\"150\" height=\"150\" src=\"https:\/\/cimbcc.org\/test2\/wp-content\/uploads\/photo-bibli-st-bruno.jpg\" alt=\"photo-bibli-st-bruno\" class=\"wp-image-6807\"\/><\/a><\/figure>\n<\/div>\n\n\n<pre class=\"wp-block-code\"><code><\/code><\/pre>\n\n\n\n<iframe src=\"https:\/\/www.google.com\/maps\/embed?pb=!1m18!1m12!1m3!1d2795.3255928788158!2d-73.34216242419565!3d45.52365312947049!2m3!1f0!2f0!3f0!3m2!1i1024!2i768!4f13.1!3m3!1m2!1s0x4cc901326be7b429%3A0xd088412c780cd548!2sBiblioth%C3%A8que%20Georges-Brossard!5e0!3m2!1sfr!2sca!4v1746267715699!5m2!1sfr!2sca\" width=\"600\" height=\"450\" style=\"border:0;\" allowfullscreen=\"\" loading=\"lazy\" referrerpolicy=\"no-referrer-when-downgrade\"><\/iframe>\n\n\n\n<address><span style=\"font-size: x-small;\">Derni\u00e8re r\u00e9vision de cette page : ao\u00fbt 2024.<\/span><\/address>\n\n\n\n<address><span style=\"font-size: x-small;\">Responsable de la mise \u00e0 jour de cette page : Michel Gagn\u00e9.<\/span><\/address>\n","protected":false},"excerpt":{"rendered":"<p>82, boul. Seigneurial Ouest, Saint-Bruno Derni\u00e8re r\u00e9vision de cette page : ao\u00fbt 2024. Responsable de la mise \u00e0 jour de cette page : Michel Gagn\u00e9.<\/p>\n","protected":false},"author":3,"featured_media":0,"parent":270,"menu_order":0,"comment_status":"closed","ping_status":"closed","template":"","meta":{"footnotes":""},"class_list":["post-6756","page","type-page","status-publish","hentry"],"_links":{"self":[{"href":"https:\/\/cimbcc.org\/test2\/wp-json\/wp\/v2\/pages\/6756","targetHints":{"allow":["GET"]}}],"collection":[{"href":"https:\/\/cimbcc.org\/test2\/wp-json\/wp\/v2\/pages"}],"about":[{"href":"https:\/\/cimbcc.org\/test2\/wp-json\/wp\/v2\/types\/page"}],"author":[{"embeddable":true,"href":"https:\/\/cimbcc.org\/test2\/wp-json\/wp\/v2\/users\/3"}],"replies":[{"embeddable":true,"href":"https:\/\/cimbcc.org\/test2\/wp-json\/wp\/v2\/comments?post=6756"}],"version-history":[{"count":21,"href":"https:\/\/cimbcc.org\/test2\/wp-json\/wp\/v2\/pages\/6756\/revisions"}],"predecessor-version":[{"id":53470,"href":"https:\/\/cimbcc.org\/test2\/wp-json\/wp\/v2\/pages\/6756\/revisions\/53470"}],"up":[{"embeddable":true,"href":"https:\/\/cimbcc.org\/test2\/wp-json\/wp\/v2\/pages\/270"}],"wp:attachment":[{"href":"https:\/\/cimbcc.org\/test2\/wp-json\/wp\/v2\/media?parent=6756"}],"curies":[{"name":"wp","href":"https:\/\/api.w.org\/{rel}","templated":true}]}}