{"id":6761,"date":"2013-06-12T12:34:19","date_gmt":"2013-06-12T17:34:19","guid":{"rendered":"https:\/\/cimbcc.org\/test2\/?page_id=6761"},"modified":"2024-08-10T18:15:52","modified_gmt":"2024-08-10T22:15:52","slug":"bibliotheque-de-saint-basile","status":"publish","type":"page","link":"https:\/\/cimbcc.org\/test2\/partage-de-connaissances\/familiarisation-a-linternet\/bibliotheque-de-saint-basile\/","title":{"rendered":"Biblioth\u00e8que de Saint-Basile"},"content":{"rendered":"<h2>40, rue Savaria, Saint-Basile-le-Grand<\/h2>\n<p><a href=\"https:\/\/cimbcc.org\/test2\/wp-content\/uploads\/photo-bibli-st-basile.jpg\"><img loading=\"lazy\" decoding=\"async\" class=\"size-full wp-image-6804 alignleft\" style=\"margin: 15px;\" src=\"https:\/\/cimbcc.org\/test2\/wp-content\/uploads\/photo-bibli-st-basile.jpg\" alt=\"photo-bibli-st-basile\" width=\"150\" height=\"150\" \/><\/a><br \/>\n<iframe loading=\"lazy\" src=\"http:\/\/maps.google.ca\/maps?f=q&amp;source=s_q&amp;hl=fr&amp;geocode=&amp;q=40+Rue+Savaria,+Saint-Basile-le-Grand,+QC&amp;aq=0&amp;oq=40,+rue+Savaria,+Saint-Basile-le-Grand&amp;sll=53.796105,-68.44248&amp;sspn=30.058101,74.707031&amp;ie=UTF8&amp;hq=&amp;hnear=40+Rue+Savaria,+Saint-Basile-le-Grand,+Qu%C3%A9bec+J3N+1L5&amp;t=m&amp;ll=45.531365,-73.280439&amp;spn=0.02886,0.054846&amp;z=14&amp;output=embed\" width=\"640\" height=\"480\" frameborder=\"0\" marginwidth=\"0\" marginheight=\"0\" scrolling=\"no\"><\/iframe><br \/>\n<small><a style=\"color: #0000ff; text-align: left;\" href=\"http:\/\/maps.google.ca\/maps?f=q&amp;source=embed&amp;hl=fr&amp;geocode=&amp;q=40+Rue+Savaria,+Saint-Basile-le-Grand,+QC&amp;aq=0&amp;oq=40,+rue+Savaria,+Saint-Basile-le-Grand&amp;sll=53.796105,-68.44248&amp;sspn=30.058101,74.707031&amp;ie=UTF8&amp;hq=&amp;hnear=40+Rue+Savaria,+Saint-Basile-le-Grand,+Qu%C3%A9bec+J3N+1L5&amp;t=m&amp;ll=45.531365,-73.280439&amp;spn=0.02886,0.054846&amp;z=14\">Agrandir le plan<\/a><\/small><\/p>\n<address>\u00a0<\/address>\n<address><span style=\"font-size: x-small;\">Derni\u00e8re r\u00e9vision de cette page : ao\u00fbt 2024.<\/span><\/address>\n<address><span style=\"font-size: x-small;\">Responsable de la mise \u00e0 jour de cette page : Michel Gagn\u00e9.<\/span><\/address>\n","protected":false},"excerpt":{"rendered":"<p>40, rue Savaria, Saint-Basile-le-Grand Agrandir le plan \u00a0 Derni\u00e8re r\u00e9vision de cette page : ao\u00fbt 2024. Responsable de la mise \u00e0 jour de cette page : Michel Gagn\u00e9.<\/p>\n","protected":false},"author":3,"featured_media":0,"parent":270,"menu_order":0,"comment_status":"closed","ping_status":"closed","template":"","meta":{"footnotes":""},"class_list":["post-6761","page","type-page","status-publish","hentry"],"_links":{"self":[{"href":"https:\/\/cimbcc.org\/test2\/wp-json\/wp\/v2\/pages\/6761","targetHints":{"allow":["GET"]}}],"collection":[{"href":"https:\/\/cimbcc.org\/test2\/wp-json\/wp\/v2\/pages"}],"about":[{"href":"https:\/\/cimbcc.org\/test2\/wp-json\/wp\/v2\/types\/page"}],"author":[{"embeddable":true,"href":"https:\/\/cimbcc.org\/test2\/wp-json\/wp\/v2\/users\/3"}],"replies":[{"embeddable":true,"href":"https:\/\/cimbcc.org\/test2\/wp-json\/wp\/v2\/comments?post=6761"}],"version-history":[{"count":16,"href":"https:\/\/cimbcc.org\/test2\/wp-json\/wp\/v2\/pages\/6761\/revisions"}],"predecessor-version":[{"id":50024,"href":"https:\/\/cimbcc.org\/test2\/wp-json\/wp\/v2\/pages\/6761\/revisions\/50024"}],"up":[{"embeddable":true,"href":"https:\/\/cimbcc.org\/test2\/wp-json\/wp\/v2\/pages\/270"}],"wp:attachment":[{"href":"https:\/\/cimbcc.org\/test2\/wp-json\/wp\/v2\/media?parent=6761"}],"curies":[{"name":"wp","href":"https:\/\/api.w.org\/{rel}","templated":true}]}}