{"id":6762,"date":"2013-06-12T12:35:09","date_gmt":"2013-06-12T17:35:09","guid":{"rendered":"https:\/\/cimbcc.org\/test2\/?page_id=6762"},"modified":"2024-08-10T18:00:32","modified_gmt":"2024-08-10T22:00:32","slug":"chalet-marie-victorin-saint-bruno","status":"publish","type":"page","link":"https:\/\/cimbcc.org\/test2\/partage-de-connaissances\/les-presentations-du-mercredi-et-du-vendredi\/chalet-marie-victorin-saint-bruno\/","title":{"rendered":"Chalet Marie-Victorin"},"content":{"rendered":"<h2>1150, rue Marie-Victorin,<br \/>\nSaint-Bruno-de-Montarville, J3V 6R6<\/h2>\n<p>&nbsp;<\/p>\n<div id='gallery-1' class='gallery galleryid-6762 gallery-columns-3 gallery-size-thumbnail'><figure class='gallery-item'>\n\t\t\t<div class='gallery-icon landscape'>\n\t\t\t\t<a href='https:\/\/cimbcc.org\/test2\/partage-de-connaissances\/les-presentations-du-mercredi-et-du-vendredi\/chalet-marie-victorin-saint-bruno\/photo-chalet-marie-victorin\/'><img loading=\"lazy\" decoding=\"async\" width=\"150\" height=\"150\" src=\"https:\/\/cimbcc.org\/test2\/wp-content\/uploads\/photo-chalet-marie-victorin.jpg\" class=\"attachment-thumbnail size-thumbnail\" alt=\"photo-chalet-marie-victorin\" aria-describedby=\"gallery-1-6812\" \/><\/a>\n\t\t\t<\/div>\n\t\t\t\t<figcaption class='wp-caption-text gallery-caption' id='gallery-1-6812'>\n\t\t\t\tChalet Marie-Victorin\n\t\t\t\t<\/figcaption><\/figure><figure class='gallery-item'>\n\t\t\t<div class='gallery-icon landscape'>\n\t\t\t\t<a href='https:\/\/cimbcc.org\/test2\/partage-de-connaissances\/les-presentations-du-mercredi-et-du-vendredi\/chalet-marie-victorin-saint-bruno\/photo_chalet_marie_victorin\/'><img loading=\"lazy\" decoding=\"async\" width=\"150\" height=\"150\" src=\"https:\/\/cimbcc.org\/test2\/wp-content\/uploads\/photo_chalet_marie_victorin-150x150.jpg\" class=\"attachment-thumbnail size-thumbnail\" alt=\"photo_chalet_marie_victorin\" aria-describedby=\"gallery-1-10441\" srcset=\"https:\/\/cimbcc.org\/test2\/wp-content\/uploads\/photo_chalet_marie_victorin-150x150.jpg 150w, https:\/\/cimbcc.org\/test2\/wp-content\/uploads\/photo_chalet_marie_victorin-125x125.jpg 125w\" sizes=\"auto, (max-width: 150px) 100vw, 150px\" \/><\/a>\n\t\t\t<\/div>\n\t\t\t\t<figcaption class='wp-caption-text gallery-caption' id='gallery-1-10441'>\n\t\t\t\tSalle de pr\u00e9sentation\n\t\t\t\t<\/figcaption><\/figure>\n\t\t<\/div>\n\n<p><iframe loading=\"lazy\" src=\"http:\/\/maps.google.ca\/maps?f=q&amp;source=s_q&amp;hl=fr&amp;geocode=&amp;q=1150+Rue+Marie+Victorin,+Saint-Bruno-de-Montarville,+QC&amp;aq=0&amp;oq=1150,+rue+Marie-Victorin&amp;sll=49.386165,-71.983458&amp;sspn=24.087955,43.461914&amp;ie=UTF8&amp;hq=&amp;hnear=1150+Rue+Marie+Victorin,+Saint-Bruno-de-Montarville,+Qu%C3%A9bec+J3V+6R2&amp;t=m&amp;ll=45.525592,-73.350649&amp;spn=0.028863,0.054932&amp;z=14&amp;output=embed\" width=\"640\" height=\"480\" frameborder=\"0\" marginwidth=\"0\" marginheight=\"0\" scrolling=\"no\"><\/iframe><br \/>\n<small><a style=\"color: #0000ff; text-align: left;\" href=\"http:\/\/maps.google.ca\/maps?f=q&amp;source=embed&amp;hl=fr&amp;geocode=&amp;q=1150+Rue+Marie+Victorin,+Saint-Bruno-de-Montarville,+QC&amp;aq=0&amp;oq=1150,+rue+Marie-Victorin&amp;sll=49.386165,-71.983458&amp;sspn=24.087955,43.461914&amp;ie=UTF8&amp;hq=&amp;hnear=1150+Rue+Marie+Victorin,+Saint-Bruno-de-Montarville,+Qu%C3%A9bec+J3V+6R2&amp;t=m&amp;ll=45.525592,-73.350649&amp;spn=0.028863,0.054932&amp;z=14\">Agrandir le plan<\/a><\/small><\/p>\n<address>\u00a0<\/address>\n<address><span style=\"font-size: x-small;\">Derni\u00e8re r\u00e9vision de cette page : ao\u00fbt 2024.<\/span><\/address>\n<address><span style=\"font-size: x-small;\">Responsable de la mise \u00e0 jour de cette page : Michel Gagn\u00e9.<\/span><\/address>\n","protected":false},"excerpt":{"rendered":"<p>1150, rue Marie-Victorin, Saint-Bruno-de-Montarville, J3V 6R6 &nbsp; Agrandir le plan \u00a0 Derni\u00e8re r\u00e9vision de cette page : ao\u00fbt 2024. Responsable de la mise \u00e0 jour de cette page : Michel Gagn\u00e9.<\/p>\n","protected":false},"author":3,"featured_media":0,"parent":679,"menu_order":0,"comment_status":"closed","ping_status":"closed","template":"","meta":{"footnotes":""},"class_list":["post-6762","page","type-page","status-publish","hentry"],"_links":{"self":[{"href":"https:\/\/cimbcc.org\/test2\/wp-json\/wp\/v2\/pages\/6762","targetHints":{"allow":["GET"]}}],"collection":[{"href":"https:\/\/cimbcc.org\/test2\/wp-json\/wp\/v2\/pages"}],"about":[{"href":"https:\/\/cimbcc.org\/test2\/wp-json\/wp\/v2\/types\/page"}],"author":[{"embeddable":true,"href":"https:\/\/cimbcc.org\/test2\/wp-json\/wp\/v2\/users\/3"}],"replies":[{"embeddable":true,"href":"https:\/\/cimbcc.org\/test2\/wp-json\/wp\/v2\/comments?post=6762"}],"version-history":[{"count":22,"href":"https:\/\/cimbcc.org\/test2\/wp-json\/wp\/v2\/pages\/6762\/revisions"}],"predecessor-version":[{"id":50022,"href":"https:\/\/cimbcc.org\/test2\/wp-json\/wp\/v2\/pages\/6762\/revisions\/50022"}],"up":[{"embeddable":true,"href":"https:\/\/cimbcc.org\/test2\/wp-json\/wp\/v2\/pages\/679"}],"wp:attachment":[{"href":"https:\/\/cimbcc.org\/test2\/wp-json\/wp\/v2\/media?parent=6762"}],"curies":[{"name":"wp","href":"https:\/\/api.w.org\/{rel}","templated":true}]}}