{"id":6795,"date":"2013-06-12T14:14:50","date_gmt":"2013-06-12T19:14:50","guid":{"rendered":"https:\/\/cimbcc.org\/test2\/?page_id=6795"},"modified":"2023-12-04T22:04:11","modified_gmt":"2023-12-05T03:04:11","slug":"archive-chip-avant-janvier-2012-format-pdf","status":"publish","type":"page","link":"https:\/\/cimbcc.org\/test2\/partage-de-connaissances\/chip\/archive-chip-avant-janvier-2012-format-pdf\/","title":{"rendered":"Archives du CHIP"},"content":{"rendered":"<table style=\"width: 81%; height: 205px;\" border=\"1\" cellspacing=\"0\" cellpadding=\"0\">\n<tbody>\n<tr style=\"height: 24px;\">\n<td style=\"width: 33.1593%; height: 10px;\" valign=\"top\" width=\"125\"><strong>1995-1996 <\/strong>v12<\/td>\n<td style=\"width: 33.1593%; height: 10px;\" valign=\"top\" width=\"125\"><strong>1996-1997 <\/strong>v13<\/td>\n<td style=\"width: 33.1593%; height: 10px;\" valign=\"top\" width=\"125\"><strong>1997-1998 <\/strong>v14<\/td>\n<\/tr>\n<tr style=\"height: 216px;\">\n<td style=\"width: 33.1593%; height: 195px;\" valign=\"top\" width=\"125\"><a href=\"https:\/\/cimbcc.org\/test2\/wp-content\/uploads\/chip_vol_12_10_sep_1996.pdf\" target=\"_blank\" rel=\"noopener noreferrer\">septembre 1996<\/a><br \/>\n<a href=\"https:\/\/cimbcc.org\/test2\/wp-content\/uploads\/chip_vol_12_11_special_1996.pdf\" target=\"_blank\" rel=\"noopener noreferrer\">sp\u00e9cial 1996<\/a><\/td>\n<td style=\"width: 33.1593%; height: 195px;\" valign=\"top\" width=\"125\"><a href=\"https:\/\/cimbcc.org\/test2\/wp-content\/uploads\/chip_vol_13_1_oct_1996.pdf\" target=\"_blank\" rel=\"noopener noreferrer\">octobre 1996<\/a><br \/>\n<a href=\"https:\/\/cimbcc.org\/test2\/wp-content\/uploads\/chip_vol_13_2_nov_1996.pdf\" target=\"_blank\" rel=\"noopener noreferrer\">novembre 1996<\/a><br \/>\n<a href=\"https:\/\/cimbcc.org\/test2\/wp-content\/uploads\/chip_vol_13_3_dec_1996.pdf\" target=\"_blank\" rel=\"noopener noreferrer\">d\u00e9cembre 1996<\/a><br \/>\n<a href=\"https:\/\/cimbcc.org\/test2\/wp-content\/uploads\/chip_vol_13_4_jan_1997.pdf\" target=\"_blank\" rel=\"noopener noreferrer\">janvier 1997<\/a><br \/>\n<a href=\"https:\/\/cimbcc.org\/test2\/wp-content\/uploads\/chip_vol_13_5_fev_1997.pdf\" target=\"_blank\" rel=\"noopener noreferrer\">f\u00e9vrier 1997<\/a><br \/>\n<a href=\"https:\/\/cimbcc.org\/test2\/wp-content\/uploads\/chip_vol_13_6_mar_1997.pdf\" target=\"_blank\" rel=\"noopener noreferrer\">mars 1997<\/a><br \/>\n<a href=\"https:\/\/cimbcc.org\/test2\/wp-content\/uploads\/chip_vol_13_7_avr_1997.pdf\" target=\"_blank\" rel=\"noopener noreferrer\">avril 1997<\/a><br \/>\n<a href=\"https:\/\/cimbcc.org\/test2\/wp-content\/uploads\/chip_vol_13_8_mai_1997.pdf\" target=\"_blank\" rel=\"noopener noreferrer\">mai 1997<\/a><br \/>\n<a href=\"https:\/\/cimbcc.org\/test2\/wp-content\/uploads\/chip_vol_13_9_ete_1997.pdf\" target=\"_blank\" rel=\"noopener noreferrer\">juin 1997<\/a><\/td>\n<td style=\"width: 33.1593%; height: 195px;\" valign=\"top\" width=\"125\"><a href=\"https:\/\/cimbcc.org\/test2\/wp-content\/uploads\/chip_vol_14_1_sep_1997.pdf\" target=\"_blank\" rel=\"noopener noreferrer\">septembre 1997<\/a><br \/>\n<a href=\"https:\/\/cimbcc.org\/test2\/wp-content\/uploads\/chip_vol_14_2_nov_1997.pdf\" target=\"_blank\" rel=\"noopener noreferrer\">novembre 1997<\/a><br \/>\n<a href=\"https:\/\/cimbcc.org\/test2\/wp-content\/uploads\/chip_vol_14_4_jan_1998.pdf\" target=\"_blank\" rel=\"noopener noreferrer\">janvier 1998<\/a><br \/>\n<a href=\"https:\/\/cimbcc.org\/test2\/wp-content\/uploads\/chip_vol_14_5_mar_1998.pdf\" target=\"_blank\" rel=\"noopener noreferrer\">mars 1998<\/a><br \/>\n<a href=\"https:\/\/cimbcc.org\/test2\/wp-content\/uploads\/chip_vol_14_6_avr_1998.pdf\" target=\"_blank\" rel=\"noopener noreferrer\">avril 1998<\/a><br \/>\n<a href=\"https:\/\/cimbcc.org\/test2\/wp-content\/uploads\/chip_vol_14_7_mai_1998.pdf\" target=\"_blank\" rel=\"noopener noreferrer\">mai 1998<\/a><\/td>\n<\/tr>\n<\/tbody>\n<\/table>\n<p>&nbsp;<\/p>\n<table style=\"width: 81%; height: 696px;\" border=\"1\" cellspacing=\"0\" cellpadding=\"0\">\n<tbody>\n<tr style=\"height: 24px;\">\n<td style=\"width: 33.1593%; height: 24px;\" valign=\"top\" width=\"125\"><strong>2005-2006 <\/strong>v22<\/td>\n<td style=\"width: 33.1593%; height: 24px;\" valign=\"top\" width=\"125\"><strong>2006-2007 <\/strong>v23<\/td>\n<td style=\"width: 33.1593%; height: 24px;\" valign=\"top\" width=\"125\"><strong>2007-2008 <\/strong>v24<\/td>\n<\/tr>\n<tr style=\"height: 216px;\">\n<td style=\"width: 33.1593%; height: 216px;\" valign=\"top\" width=\"125\"><a href=\"https:\/\/cimbcc.org\/test2\/wp-content\/uploads\/2011\/08\/CHIP_2005_V22_1_sep.pdf\" target=\"_blank\" rel=\"noopener noreferrer\">septembre 2005<\/a><br \/>\n<a href=\"https:\/\/cimbcc.org\/test2\/wp-content\/uploads\/2011\/08\/CHIP_2005_V22_2_oct.pdf\" target=\"_blank\" rel=\"noopener noreferrer\">octobre 2005<br \/>\n<\/a><a href=\"https:\/\/cimbcc.org\/test2\/wp-content\/uploads\/2011\/08\/CHIP_2005_V22_3_nov.pdf\" target=\"_blank\" rel=\"noopener noreferrer\">novembre 2005<br \/>\n<\/a><a href=\"https:\/\/cimbcc.org\/test2\/wp-content\/uploads\/2011\/08\/CHIP_2005_V22_4_dec.pdf\" target=\"_blank\" rel=\"noopener noreferrer\">d\u00e9cembre 2005<br \/>\n<\/a><a href=\"https:\/\/cimbcc.org\/test2\/wp-content\/uploads\/2011\/08\/CHIP_2006_V22_5_jan.pdf\" target=\"_blank\" rel=\"noopener noreferrer\">janvier 2006<br \/>\n<\/a><a href=\"https:\/\/cimbcc.org\/test2\/wp-content\/uploads\/2011\/08\/CHIP_2006_V22_6_fev.pdf\" target=\"_blank\" rel=\"noopener noreferrer\">f\u00e9vrier 2006<br \/>\n<\/a><a href=\"https:\/\/cimbcc.org\/test2\/wp-content\/uploads\/2011\/08\/CHIP_2006_V22_7_mar.pdf\" target=\"_blank\" rel=\"noopener noreferrer\">mars 2006<br \/>\n<\/a><a href=\"https:\/\/cimbcc.org\/test2\/wp-content\/uploads\/2011\/08\/CHIP_2006_V22_8_avr.pdf\" target=\"_blank\" rel=\"noopener noreferrer\">avril 2006<br \/>\n<\/a><a href=\"https:\/\/cimbcc.org\/test2\/wp-content\/uploads\/2011\/08\/CHIP_2006_V22_9_mai.pdf\" target=\"_blank\" rel=\"noopener noreferrer\">mai 2006<\/a><\/td>\n<td style=\"width: 33.1593%; height: 216px;\" valign=\"top\" width=\"125\"><a href=\"https:\/\/cimbcc.org\/test2\/wp-content\/uploads\/2011\/08\/CHIP_2006_V23_1_sep.pdf\" target=\"_blank\" rel=\"noopener noreferrer\">septembre 2006<br \/>\n<\/a><a href=\"https:\/\/cimbcc.org\/test2\/wp-content\/uploads\/2011\/08\/CHIP_2006_V23_2_oct.pdf\" target=\"_blank\" rel=\"noopener noreferrer\">octobre 2006<br \/>\n<\/a><a href=\"https:\/\/cimbcc.org\/test2\/wp-content\/uploads\/2011\/08\/CHIP_2006_V23_3_nov.pdf\" target=\"_blank\" rel=\"noopener noreferrer\">novembre 2006<br \/>\n<\/a><a href=\"https:\/\/cimbcc.org\/test2\/wp-content\/uploads\/2011\/08\/CHIP_2006_V23_4_dec.pdf\" target=\"_blank\" rel=\"noopener noreferrer\">d\u00e9cembre 2006<br \/>\n<\/a><a href=\"https:\/\/cimbcc.org\/test2\/wp-content\/uploads\/2011\/08\/CHIP_2007_V23_5_jan.pdf\" target=\"_blank\" rel=\"noopener noreferrer\">janvier 2007<br \/>\n<\/a><a href=\"https:\/\/cimbcc.org\/test2\/wp-content\/uploads\/2011\/08\/CHIP_2007_V23_6_fev.pdf\" target=\"_blank\" rel=\"noopener noreferrer\">f\u00e9vrier 2007<br \/>\n<\/a><a href=\"https:\/\/cimbcc.org\/test2\/wp-content\/uploads\/2011\/08\/CHIP_2007_V23_7_mar.pdf\" target=\"_blank\" rel=\"noopener noreferrer\">mars 2007<\/a><br \/>\n<a href=\"https:\/\/cimbcc.org\/test2\/wp-content\/uploads\/2011\/08\/CHIP_2007_V23_8_avr.pdf\" target=\"_blank\" rel=\"noopener noreferrer\">avril 2007<\/a><br \/>\n<a href=\"https:\/\/cimbcc.org\/test2\/wp-content\/uploads\/2011\/08\/CHIP_2007_V23_9_mai.pdf\" target=\"_blank\" rel=\"noopener noreferrer\">mai 2007<\/a><\/td>\n<td style=\"width: 33.1593%; height: 216px;\" valign=\"top\" width=\"125\"><a href=\"https:\/\/cimbcc.org\/test2\/wp-content\/uploads\/2011\/08\/CHIP_2007_V24_1_sep.pdf\" target=\"_blank\" rel=\"noopener noreferrer\">septembre 2007<br \/>\n<\/a><a href=\"https:\/\/cimbcc.org\/test2\/wp-content\/uploads\/2011\/08\/CHIP_2007_V24_2_oct.pdf\" target=\"_blank\" rel=\"noopener noreferrer\">octobre 2007<\/a><br \/>\n<a href=\"https:\/\/cimbcc.org\/test2\/wp-content\/uploads\/2011\/08\/CHIP_2007_V24_3_nov.pdf\" target=\"_blank\" rel=\"noopener noreferrer\">novembre 2007<br \/>\n<\/a><a href=\"https:\/\/cimbcc.org\/test2\/wp-content\/uploads\/2011\/08\/CHIP_2007_V24_4_dec.pdf\" target=\"_blank\" rel=\"noopener noreferrer\">d\u00e9cembre 2007<br \/>\n<\/a><a href=\"https:\/\/cimbcc.org\/test2\/wp-content\/uploads\/2011\/08\/CHIP_2008_V24_5_jan.pdf\" target=\"_blank\" rel=\"noopener noreferrer\">janvier 2008<br \/>\n<\/a><a href=\"https:\/\/cimbcc.org\/test2\/wp-content\/uploads\/2011\/08\/CHIP_2008_V24_6_fev.pdf\" target=\"_blank\" rel=\"noopener noreferrer\">f\u00e9vrier 2008<br \/>\n<\/a><a href=\"https:\/\/cimbcc.org\/test2\/wp-content\/uploads\/2011\/08\/CHIP_2008_V24_7_mar.pdf\" target=\"_blank\" rel=\"noopener noreferrer\">mars 2008<br \/>\n<\/a><a href=\"https:\/\/cimbcc.org\/test2\/wp-content\/uploads\/2011\/08\/CHIP_2008_V24_8_avr.pdf\" target=\"_blank\" rel=\"noopener noreferrer\">avril 2008<br \/>\n<\/a><a href=\"https:\/\/cimbcc.org\/test2\/wp-content\/uploads\/2011\/08\/CHIP_2008_V24_9_mai.pdf\" target=\"_blank\" rel=\"noopener noreferrer\">mai 2008<\/a><\/td>\n<\/tr>\n<tr style=\"height: 24px;\">\n<td style=\"width: 33.1593%; height: 24px;\" valign=\"top\" width=\"125\"><strong>2008-2009 <\/strong>v25<\/td>\n<td style=\"width: 33.1593%; height: 24px;\" valign=\"top\" width=\"125\"><strong>2009-2010 <\/strong>v26<\/td>\n<td style=\"width: 33.1593%; height: 24px;\" valign=\"top\" width=\"125\"><strong>2010-2011 <\/strong>v27<\/td>\n<\/tr>\n<tr style=\"height: 216px;\">\n<td style=\"width: 33.1593%; height: 216px;\" valign=\"top\" width=\"125\"><a href=\"https:\/\/cimbcc.org\/test2\/wp-content\/uploads\/2011\/08\/CHIP_2008_V25_1_sep.pdf\" target=\"_blank\" rel=\"noopener noreferrer\">septembre 2008<br \/>\n<\/a><a href=\"https:\/\/cimbcc.org\/test2\/wp-content\/uploads\/2011\/08\/CHIP_2008_V25_2_oct.pdf\" target=\"_blank\" rel=\"noopener noreferrer\">octobre 2008<\/a><br \/>\n<a href=\"https:\/\/cimbcc.org\/test2\/wp-content\/uploads\/2011\/08\/CHIP_2008_V25_3_nov.pdf\" target=\"_blank\" rel=\"noopener noreferrer\">novembre 2008<br \/>\n<\/a><a href=\"https:\/\/cimbcc.org\/test2\/wp-content\/uploads\/2011\/08\/CHIP_2008_V25_4_dec.pdf\" target=\"_blank\" rel=\"noopener noreferrer\">d\u00e9cembre 2008<br \/>\n<\/a><a href=\"https:\/\/cimbcc.org\/test2\/wp-content\/uploads\/2011\/08\/CHIP_2009_V25_5_jan.pdf\" target=\"_blank\" rel=\"noopener noreferrer\">janvier 2009<\/a><br \/>\n<a href=\"https:\/\/cimbcc.org\/test2\/wp-content\/uploads\/2011\/08\/CHIP_2009_V25_6_fev.pdf\" target=\"_blank\" rel=\"noopener noreferrer\">f\u00e9vrier 2009<\/a><br \/>\n<a href=\"https:\/\/cimbcc.org\/test2\/wp-content\/uploads\/2011\/08\/CHIP_2009_V25_7_mar.pdf\" target=\"_blank\" rel=\"noopener noreferrer\">mars 2009<br \/>\n<\/a><a href=\"https:\/\/cimbcc.org\/test2\/wp-content\/uploads\/2011\/08\/CHIP_2009_V25_8_avr.pdf\" target=\"_blank\" rel=\"noopener noreferrer\">avril 2009<br \/>\n<\/a><a href=\"https:\/\/cimbcc.org\/test2\/wp-content\/uploads\/2011\/08\/CHIP_2009_V25_9_mai.pdf\" target=\"_blank\" rel=\"noopener noreferrer\">mai 2009<\/a><\/td>\n<td style=\"width: 33.1593%; height: 216px;\" valign=\"top\" width=\"125\"><a href=\"https:\/\/cimbcc.org\/test2\/wp-content\/uploads\/2011\/08\/CHIP_2009_V26_1_sep.pdf\" target=\"_blank\" rel=\"noopener noreferrer\">septembre 2009<br \/>\n<\/a><a href=\"https:\/\/cimbcc.org\/test2\/wp-content\/uploads\/2011\/08\/CHIP_2009_V26_2_oct.pdf\" target=\"_blank\" rel=\"noopener noreferrer\">octobre 2009<br \/>\n<\/a><a href=\"https:\/\/cimbcc.org\/test2\/wp-content\/uploads\/2011\/08\/CHIP_2009_V26_3_nov.pdf\" target=\"_blank\" rel=\"noopener noreferrer\">novembre 2009<\/a><br \/>\n<a href=\"https:\/\/cimbcc.org\/test2\/wp-content\/uploads\/2011\/08\/CHIP_2009_V26_4_dec.pdf\" target=\"_blank\" rel=\"noopener noreferrer\">d\u00e9cembre 2009<\/a><br \/>\n<a href=\"https:\/\/cimbcc.org\/test2\/wp-content\/uploads\/2011\/08\/CHIP_2010_V26_5_jan.pdf\" target=\"_blank\" rel=\"noopener noreferrer\">janvier 2010<br \/>\n<\/a><a href=\"https:\/\/cimbcc.org\/test2\/wp-content\/uploads\/2011\/08\/CHIP_2010_V26_6_fev.pdf\" target=\"_blank\" rel=\"noopener noreferrer\">f\u00e9vrier 2010<br \/>\n<\/a><a href=\"https:\/\/cimbcc.org\/test2\/wp-content\/uploads\/2011\/08\/CHIP_2010_V26_7_mar.pdf\" target=\"_blank\" rel=\"noopener noreferrer\">mars 2010<br \/>\n<\/a><a href=\"https:\/\/cimbcc.org\/test2\/wp-content\/uploads\/2011\/08\/CHIP_2010_V26_8_avr.pdf\" target=\"_blank\" rel=\"noopener noreferrer\">avril 2010<br \/>\n<\/a><a href=\"https:\/\/cimbcc.org\/test2\/wp-content\/uploads\/2011\/08\/CHIP_2010_V26_9_mai.pdf\" target=\"_blank\" rel=\"noopener noreferrer\">mai 2010<\/a><\/td>\n<td style=\"width: 33.1593%; height: 216px;\" valign=\"top\" width=\"125\"><a href=\"https:\/\/cimbcc.org\/test2\/wp-content\/uploads\/2011\/07\/CHIP_2010_V27_1_sep.pdf\" target=\"_blank\" rel=\"noopener noreferrer\">septembre 2010<\/a><br \/>\n<a href=\"https:\/\/cimbcc.org\/test2\/wp-content\/uploads\/2011\/07\/CHIP_2010_V27_2_oct.pdf\" target=\"_blank\" rel=\"noopener noreferrer\">octobre 2010<\/a><br \/>\n<a href=\"https:\/\/cimbcc.org\/test2\/wp-content\/uploads\/2011\/07\/CHIP_2010_V27_3_nov.pdf\" target=\"_blank\" rel=\"noopener noreferrer\">novembre 2010<\/a><br \/>\n<a href=\"https:\/\/cimbcc.org\/test2\/wp-content\/uploads\/2011\/07\/CHIP_2010_V27_4_dec.pdf\" target=\"_blank\" rel=\"noopener noreferrer\">d\u00e9cembre 2010<\/a><br \/>\n<a href=\"https:\/\/cimbcc.org\/test2\/wp-content\/uploads\/2011\/07\/CHIP_2011_V27_5_jan.pdf\" target=\"_blank\" rel=\"noopener noreferrer\">janvier 2011<\/a><br \/>\n<a href=\"https:\/\/cimbcc.org\/test2\/wp-content\/uploads\/2011\/07\/CHIP_2011_V27_6_fev.pdf\" target=\"_blank\" rel=\"noopener noreferrer\">f\u00e9vier 2011<\/a><br \/>\n<a href=\"https:\/\/cimbcc.org\/test2\/wp-content\/uploads\/2011\/07\/CHIP_2011_V27_7_mar.pdf\" target=\"_blank\" rel=\"noopener noreferrer\">mars 2011<\/a><br \/>\n<a href=\"https:\/\/cimbcc.org\/test2\/wp-content\/uploads\/2011\/07\/CHIP_2011_V27_8_avr.pdf\" target=\"_blank\" rel=\"noopener noreferrer\">avril 2011<\/a><br \/>\n<a href=\"https:\/\/cimbcc.org\/test2\/wp-content\/uploads\/2011\/07\/CHIP_2011_V27_9_mai.pdf\" target=\"_blank\" rel=\"noopener noreferrer\">mai 2011<\/a><\/td>\n<\/tr>\n<tr style=\"height: 24px;\">\n<td style=\"width: 33.1593%; height: 24px;\" valign=\"top\" width=\"125\"><strong>2011-2012 <\/strong>v28<\/td>\n<td style=\"width: 33.1593%; height: 24px;\" valign=\"top\" width=\"125\"><\/td>\n<td style=\"width: 33.1593%; height: 24px;\" valign=\"top\" width=\"125\"><\/td>\n<\/tr>\n<tr style=\"height: 192px;\">\n<td style=\"width: 33.1593%; height: 192px;\" valign=\"top\" width=\"125\"><a href=\"https:\/\/cimbcc.org\/test2\/wp-content\/uploads\/2011\/09\/CHIP_2011_V28_1_sep.pdf\" target=\"_blank\" rel=\"noopener noreferrer\">septembre 2011<br \/>\n<\/a><a href=\"https:\/\/cimbcc.org\/test2\/wp-content\/uploads\/CHIP_2011_V28_2_oct.pdf\" target=\"_blank\" rel=\"noopener noreferrer\">octobre 2011<\/a><br \/>\n<a href=\"https:\/\/cimbcc.org\/test2\/wp-content\/uploads\/CHIP_2011_V28_1_NOV.pdf\" target=\"_blank\" rel=\"noopener noreferrer\">novembre 2011<\/a><br \/>\n<a href=\"https:\/\/cimbcc.org\/test2\/wp-content\/uploads\/CHIP_2011_V28_1_DEC.pdf\" target=\"_blank\" rel=\"noopener noreferrer\">d\u00e9cembre 2011<\/a><br \/>\n<em>Par la suite, le CHIP a \u00e9t\u00e9 publi\u00e9 sous forme de <a href=\"https:\/\/cimbcc.org\/test2\/\" target=\"_blank\" rel=\"noopener noreferrer\">blogue<\/a><\/em><\/td>\n<td style=\"width: 33.1593%; height: 192px;\" valign=\"top\" width=\"125\"><\/td>\n<td style=\"width: 33.1593%; height: 192px;\" valign=\"top\" width=\"125\"><\/td>\n<\/tr>\n<\/tbody>\n<\/table>\n<p>&nbsp;<\/p>\n<p><span style=\"font-size: x-small;\">Derni\u00e8re r\u00e9vision de cette page : juillet 2023.<br \/>\n<\/span><span style=\"font-size: x-small;\">Responsable de la mise \u00e0 jour de cette page : Richard Gervais.\u00a0<\/span><\/p>\n","protected":false},"excerpt":{"rendered":"<p>1995-1996 v12 1996-1997 v13 1997-1998 v14 septembre 1996 sp\u00e9cial 1996 octobre 1996 novembre 1996 d\u00e9cembre 1996 janvier 1997 f\u00e9vrier 1997 mars 1997 avril 1997 mai 1997 juin 1997 septembre 1997 novembre 1997 janvier 1998 mars 1998 avril 1998 mai 1998 &nbsp; 2005-2006 v22 2006-2007 v23 2007-2008 v24 septembre 2005 octobre 2005 novembre 2005 d\u00e9cembre 2005 &hellip; <a href=\"https:\/\/cimbcc.org\/test2\/partage-de-connaissances\/chip\/archive-chip-avant-janvier-2012-format-pdf\/\" class=\"more-link\">Continuer la lecture de <span class=\"screen-reader-text\">Archives du CHIP<\/span>  <span class=\"meta-nav\">&rarr;<\/span><\/a><\/p>\n","protected":false},"author":32,"featured_media":0,"parent":262,"menu_order":400,"comment_status":"closed","ping_status":"closed","template":"","meta":{"footnotes":""},"class_list":["post-6795","page","type-page","status-publish","hentry"],"_links":{"self":[{"href":"https:\/\/cimbcc.org\/test2\/wp-json\/wp\/v2\/pages\/6795","targetHints":{"allow":["GET"]}}],"collection":[{"href":"https:\/\/cimbcc.org\/test2\/wp-json\/wp\/v2\/pages"}],"about":[{"href":"https:\/\/cimbcc.org\/test2\/wp-json\/wp\/v2\/types\/page"}],"author":[{"embeddable":true,"href":"https:\/\/cimbcc.org\/test2\/wp-json\/wp\/v2\/users\/32"}],"replies":[{"embeddable":true,"href":"https:\/\/cimbcc.org\/test2\/wp-json\/wp\/v2\/comments?post=6795"}],"version-history":[{"count":33,"href":"https:\/\/cimbcc.org\/test2\/wp-json\/wp\/v2\/pages\/6795\/revisions"}],"predecessor-version":[{"id":44941,"href":"https:\/\/cimbcc.org\/test2\/wp-json\/wp\/v2\/pages\/6795\/revisions\/44941"}],"up":[{"embeddable":true,"href":"https:\/\/cimbcc.org\/test2\/wp-json\/wp\/v2\/pages\/262"}],"wp:attachment":[{"href":"https:\/\/cimbcc.org\/test2\/wp-json\/wp\/v2\/media?parent=6795"}],"curies":[{"name":"wp","href":"https:\/\/api.w.org\/{rel}","templated":true}]}}