{"id":6976,"date":"2013-07-31T09:44:51","date_gmt":"2013-07-31T14:44:51","guid":{"rendered":"https:\/\/cimbcc.org\/test2\/?page_id=6976"},"modified":"2025-05-14T16:42:26","modified_gmt":"2025-05-14T20:42:26","slug":"lassistance-avant-les-seances","status":"publish","type":"page","link":"https:\/\/cimbcc.org\/test2\/entraide\/lassistance-avant-les-seances\/","title":{"rendered":"Assistance technique en salle"},"content":{"rendered":"\n<p>Des b\u00e9n\u00e9voles r\u00e9pondent aux questions des membres en salle le mercredi apr\u00e8s-midi et le vendredi apr\u00e8s-midi.<\/p>\n\n\n\n<p>Les membres du Club informatique peuvent se pr\u00e9valoir de ce service pour obtenir de br\u00e8ves informations sur la fa\u00e7on d\u2019effectuer une op\u00e9ration ou pour obtenir de l\u2019aide lorsqu\u2019ils ont un probl\u00e8me avec leur ordinateur, leur tablette ou leur t\u00e9l\u00e9phone intelligent.<\/p>\n\n\n\n<h2 class=\"wp-block-heading\"><strong>Fonctionnement du service<\/strong><\/h2>\n\n\n\n<p>Les membres qui le d\u00e9sirent peuvent apporter leur appareil portable afin que les b\u00e9n\u00e9voles adaptent leur r\u00e9ponse \u00e0 leur environnement.<\/p>\n\n\n\n<p>Les b\u00e9n\u00e9voles sont \u00e9quip\u00e9s d\u2019ordinateurs portables et de tablettes qu&rsquo;ils utilisent pour r\u00e9pondre aux questions de ceux qui ne peuvent apporter leurs appareils.<\/p>\n\n\n\n<p>Il est utile que le membre puisse d\u00e9montrer le plus efficacement possible en quoi consiste le probl\u00e8me rencontr\u00e9 sur son appareil. S&rsquo;il ne peut apporter son appareil, on sugg\u00e8re au membre d&rsquo;apporter une capture d&rsquo;\u00e9cran illustrant son probl\u00e8me. Pour acc\u00e9der \u00e0 un tutoriel sur la capture d\u2019\u00e9cran, cliquez sur le lien suivant, puis allez \u00e0 l&rsquo;exercice 5 sur la page 10 : <a href=\"https:\/\/cimbcc.org\/test2\/wp-content\/uploads\/notes_2023_10_20_hameconnage_windows.pdf\"><span style=\"text-decoration: underline;\">notes du co<span style=\"color: #008000; text-decoration: underline;\">urs du 2<\/span>0 octobre 2023<\/span>.<\/a><\/p>\n\n\n\n<p>Pour r\u00e9pondre \u00e9quitablement \u00e0 tous ceux qui d\u00e9sirent se pr\u00e9valoir de ce service, cette assistance est limit\u00e9e \u00e0 de courtes informations. Si la r\u00e9solution d&rsquo;un probl\u00e8me n\u00e9cessite une r\u00e9ponse \u00e9labor\u00e9e ou une op\u00e9ration de plus longue dur\u00e9e, pr\u00e9voyez plut\u00f4t une demande d&rsquo;assistance par <span style=\"text-decoration: underline; color: #008000;\"><a style=\"color: #008000; text-decoration: underline;\" title=\"Assistance par courriel\" href=\"https:\/\/cimbcc.org\/test2\/entraide\/lassistance-par-courriel\" target=\"_blank\" rel=\"noopener noreferrer\">courriel<\/a><\/span>.<\/p>\n\n\n\n<h2 class=\"wp-block-heading\"><strong>Horaire<\/strong><\/h2>\n\n\n\n<p>Ce service est disponible<\/p>\n\n\n\n<p>le mercredi apr\u00e8s-midi,<br>de 13 h 30 \u00e0 15 h 30,<br>\u00e0 la salle Lucien-Foucreault<br>de la biblioth\u00e8que de Saint-Bruno<br>(82, boulevard Seigneurial Ouest, Saint-Bruno),<br>du 8 janvier au 23 avril, sauf<\/p>\n\n\n\n<ul class=\"wp-block-list\">\n<li>le 5 mars (rel\u00e2che scolaire)<\/li>\n<\/ul>\n\n\n\n<p>le vendredi apr\u00e8s-midi,<br>de 12 h 30 \u00e0 13 h 15 et durant la pause-caf\u00e9,<br>au Chalet Marie-Victorin<br>(1150, rue Marie-Victorin, Saint-Bruno),<br>du 14 mars au 25 avril, sauf<\/p>\n\n\n\n<ul class=\"wp-block-list\">\n<li>le 18 avril (Vendredi saint).<\/li>\n<\/ul>\n\n\n\n<h4 class=\"wp-block-heading\">Responsable<\/h4>\n\n\n\n<figure class=\"wp-block-image alignnone size-full wp-image-24116\"><img decoding=\"async\" src=\"https:\/\/cimbcc.org\/test2\/wp-content\/uploads\/photo_cote_michel.jpg\" alt=\"\" class=\"wp-image-24116\"\/><figcaption class=\"wp-element-caption\">Michel C\u00f4t\u00e9<\/figcaption><\/figure>\n\n\n\n<h4 class=\"wp-block-heading\"><strong>Membres de l\u2019\u00e9quipe<\/strong><\/h4>\n\n\n\t\t\t\t\t\t<div class=\"gallery_box_single\">\n\t\t\t\t\t\t\t\t\t\t\t\t\t\t\t<div class=\"gallery gllr_grid\" data-gllr-columns=\"100\" data-gllr-border-width=\"10\">\n\t\t\t\t\t\t\t\t\t\t\t\t\t\t\t\t\t\t\t\t<div class=\"gllr_image_row\">\n\t\t\t\t\t\t\t\t\t\t\t\t\t\t\t\t\t\t\t\t\t<div class=\"gllr_image_block\">\n\t\t\t\t\t\t\t\t\t\t\t\t<p style=\"\n\t\t\t\t\t\t\t\t\t\t\t\twidth:145px;height:145px;\t\t\t\t\t\t\t\t\t\t\t\t\">\n\t\t\t\t\t\t\t\t\t\t\t\t\t\t\t\t\t\t\t\t\t\t\t\t\t\t\t\t<a data-fancybox=\"gallery_fancybox_8289\" href=\"https:\/\/cimbcc.org\/test2\/wp-content\/uploads\/photo_turgeon_huguette-1.jpg\" title=\"Huguette Turgeon\" >\n\t\t\t\t\t\t\t\t\t\t\t\t\t\t\t\t<img decoding=\"async\" width=&quot;125&quot; height=&quot;125&quot; style=\"width:125px; height:125px; border-width: 10px; border-color:#f1f1f1;border: 10px solid #f1f1f1\" alt=\"\" title=\"Huguette Turgeon\" src=\"https:\/\/cimbcc.org\/test2\/wp-content\/uploads\/photo_turgeon_huguette-1.jpg\" rel=\"https:\/\/cimbcc.org\/test2\/wp-content\/uploads\/photo_turgeon_huguette-1.jpg\" \/>\t\t\t\t\t\t\t\t\t\t\t\t\t\t\t<\/a>\n\t\t\t\t\t\t\t\t\t\t\t\t\t\t\t\t\t\t\t\t\t\t\t\t\t\t<\/p>\n\t\t\t\t\t\t\t\t\t\t\t\t\t\t\t\t\t\t\t\t\t\t\t\t\t<div \n\t\t\t\t\t\t\t\t\t\t\t\t\tstyle=\"width:145px;\"\t\t\t\t\t\t\t\t\t\t\t\t\tclass=\"gllr_single_image_text gllr_single_image_text_under\">Huguette Turgeon&nbsp;<\/div>\n\t\t\t\t\t\t\t\t\t\t\t\t\t\t\t\t\t\t\t\t\t\t\t<\/div><!-- .gllr_image_block -->\n\t\t\t\t\t\t\t\t\t\t\t\t\t\t\t\t\t\t\t\t\t<div class=\"gllr_image_block\">\n\t\t\t\t\t\t\t\t\t\t\t\t<p style=\"\n\t\t\t\t\t\t\t\t\t\t\t\twidth:145px;height:145px;\t\t\t\t\t\t\t\t\t\t\t\t\">\n\t\t\t\t\t\t\t\t\t\t\t\t\t\t\t\t\t\t\t\t\t\t\t\t\t\t\t\t<a data-fancybox=\"gallery_fancybox_8289\" href=\"https:\/\/cimbcc.org\/test2\/wp-content\/uploads\/photo_gauthier_marius.jpg\" title=\"Marius Gauthier\" >\n\t\t\t\t\t\t\t\t\t\t\t\t\t\t\t\t<img decoding=\"async\" width=&quot;125&quot; height=&quot;125&quot; style=\"width:125px; height:125px; border-width: 10px; border-color:#f1f1f1;border: 10px solid #f1f1f1\" alt=\"\" title=\"Marius Gauthier\" src=\"https:\/\/cimbcc.org\/test2\/wp-content\/uploads\/photo_gauthier_marius.jpg\" rel=\"https:\/\/cimbcc.org\/test2\/wp-content\/uploads\/photo_gauthier_marius.jpg\" \/>\t\t\t\t\t\t\t\t\t\t\t\t\t\t\t<\/a>\n\t\t\t\t\t\t\t\t\t\t\t\t\t\t\t\t\t\t\t\t\t\t\t\t\t\t<\/p>\n\t\t\t\t\t\t\t\t\t\t\t\t\t\t\t\t\t\t\t\t\t\t\t\t\t<div \n\t\t\t\t\t\t\t\t\t\t\t\t\tstyle=\"width:145px;\"\t\t\t\t\t\t\t\t\t\t\t\t\tclass=\"gllr_single_image_text gllr_single_image_text_under\">Marius Gauthier&nbsp;<\/div>\n\t\t\t\t\t\t\t\t\t\t\t\t\t\t\t\t\t\t\t\t\t\t\t<\/div><!-- .gllr_image_block -->\n\t\t\t\t\t\t\t\t\t\t\t\t\t\t\t\t\t\t\t\t\t<div class=\"gllr_image_block\">\n\t\t\t\t\t\t\t\t\t\t\t\t<p style=\"\n\t\t\t\t\t\t\t\t\t\t\t\twidth:145px;height:145px;\t\t\t\t\t\t\t\t\t\t\t\t\">\n\t\t\t\t\t\t\t\t\t\t\t\t\t\t\t\t\t\t\t\t\t\t\t\t\t\t\t\t<a data-fancybox=\"gallery_fancybox_8289\" href=\"https:\/\/cimbcc.org\/test2\/wp-content\/uploads\/photo_vinet_daniel-e1667486419612.jpg\" title=\"Daniel Vinet\" >\n\t\t\t\t\t\t\t\t\t\t\t\t\t\t\t\t<img decoding=\"async\" width=&quot;125&quot; height=&quot;125&quot; style=\"width:125px; height:125px; border-width: 10px; border-color:#f1f1f1;border: 10px solid #f1f1f1\" alt=\"\" title=\"Daniel Vinet\" src=\"https:\/\/cimbcc.org\/test2\/wp-content\/uploads\/photo_vinet_daniel-e1667486419612-125x125.jpg\" rel=\"https:\/\/cimbcc.org\/test2\/wp-content\/uploads\/photo_vinet_daniel-e1667486419612.jpg\" \/>\t\t\t\t\t\t\t\t\t\t\t\t\t\t\t<\/a>\n\t\t\t\t\t\t\t\t\t\t\t\t\t\t\t\t\t\t\t\t\t\t\t\t\t\t<\/p>\n\t\t\t\t\t\t\t\t\t\t\t\t\t\t\t\t\t\t\t\t\t\t\t\t\t<div \n\t\t\t\t\t\t\t\t\t\t\t\t\tstyle=\"width:145px;\"\t\t\t\t\t\t\t\t\t\t\t\t\tclass=\"gllr_single_image_text gllr_single_image_text_under\">Daniel Vinet&nbsp;<\/div>\n\t\t\t\t\t\t\t\t\t\t\t\t\t\t\t\t\t\t\t\t\t\t\t<\/div><!-- .gllr_image_block -->\n\t\t\t\t\t\t\t\t\t\t\t\t\t\t\t\t\t\t\t\t\t<div class=\"gllr_image_block\">\n\t\t\t\t\t\t\t\t\t\t\t\t<p style=\"\n\t\t\t\t\t\t\t\t\t\t\t\twidth:145px;height:145px;\t\t\t\t\t\t\t\t\t\t\t\t\">\n\t\t\t\t\t\t\t\t\t\t\t\t\t\t\t\t\t\t\t\t\t\t\t\t\t\t\t\t<a data-fancybox=\"gallery_fancybox_8289\" href=\"https:\/\/cimbcc.org\/test2\/wp-content\/uploads\/photo_labrosse_richard.jpg\" title=\"Richard Labrosse\" >\n\t\t\t\t\t\t\t\t\t\t\t\t\t\t\t\t<img decoding=\"async\" width=&quot;125&quot; height=&quot;125&quot; style=\"width:125px; height:125px; border-width: 10px; border-color:#f1f1f1;border: 10px solid #f1f1f1\" alt=\"\" title=\"Richard Labrosse\" src=\"https:\/\/cimbcc.org\/test2\/wp-content\/uploads\/photo_labrosse_richard-125x125.jpg\" rel=\"https:\/\/cimbcc.org\/test2\/wp-content\/uploads\/photo_labrosse_richard.jpg\" \/>\t\t\t\t\t\t\t\t\t\t\t\t\t\t\t<\/a>\n\t\t\t\t\t\t\t\t\t\t\t\t\t\t\t\t\t\t\t\t\t\t\t\t\t\t<\/p>\n\t\t\t\t\t\t\t\t\t\t\t\t\t\t\t\t\t\t\t\t\t\t\t\t\t<div \n\t\t\t\t\t\t\t\t\t\t\t\t\tstyle=\"width:145px;\"\t\t\t\t\t\t\t\t\t\t\t\t\tclass=\"gllr_single_image_text gllr_single_image_text_under\">Richard Labrosse&nbsp;<\/div>\n\t\t\t\t\t\t\t\t\t\t\t\t\t\t\t\t\t\t\t\t\t\t\t<\/div><!-- .gllr_image_block -->\n\t\t\t\t\t\t\t\t\t\t\t\t\t\t\t\t\t\t\t\t\t<div class=\"gllr_image_block\">\n\t\t\t\t\t\t\t\t\t\t\t\t<p style=\"\n\t\t\t\t\t\t\t\t\t\t\t\twidth:145px;height:145px;\t\t\t\t\t\t\t\t\t\t\t\t\">\n\t\t\t\t\t\t\t\t\t\t\t\t\t\t\t\t\t\t\t\t\t\t\t\t\t\t\t\t<a data-fancybox=\"gallery_fancybox_8289\" href=\"https:\/\/cimbcc.org\/test2\/wp-content\/uploads\/photo_perreault_andre.jpg\" title=\"Andr\u00e9 Perreault\" >\n\t\t\t\t\t\t\t\t\t\t\t\t\t\t\t\t<img decoding=\"async\" width=&quot;125&quot; height=&quot;125&quot; style=\"width:125px; height:125px; border-width: 10px; border-color:#f1f1f1;border: 10px solid #f1f1f1\" alt=\"\" title=\"Andr\u00e9 Perreault\" src=\"https:\/\/cimbcc.org\/test2\/wp-content\/uploads\/photo_perreault_andre.jpg\" rel=\"https:\/\/cimbcc.org\/test2\/wp-content\/uploads\/photo_perreault_andre.jpg\" \/>\t\t\t\t\t\t\t\t\t\t\t\t\t\t\t<\/a>\n\t\t\t\t\t\t\t\t\t\t\t\t\t\t\t\t\t\t\t\t\t\t\t\t\t\t<\/p>\n\t\t\t\t\t\t\t\t\t\t\t\t\t\t\t\t\t\t\t\t\t\t\t\t\t<div \n\t\t\t\t\t\t\t\t\t\t\t\t\tstyle=\"width:145px;\"\t\t\t\t\t\t\t\t\t\t\t\t\tclass=\"gllr_single_image_text gllr_single_image_text_under\">Andr\u00e9 Perreault&nbsp;<\/div>\n\t\t\t\t\t\t\t\t\t\t\t\t\t\t\t\t\t\t\t\t\t\t\t<\/div><!-- .gllr_image_block -->\n\t\t\t\t\t\t\t\t\t\t\t\t\t\t\t\t\t\t\t\t\t<div class=\"gllr_image_block\">\n\t\t\t\t\t\t\t\t\t\t\t\t<p style=\"\n\t\t\t\t\t\t\t\t\t\t\t\twidth:145px;height:145px;\t\t\t\t\t\t\t\t\t\t\t\t\">\n\t\t\t\t\t\t\t\t\t\t\t\t\t\t\t\t\t\t\t\t\t\t\t\t\t\t\t\t<a data-fancybox=\"gallery_fancybox_8289\" href=\"https:\/\/cimbcc.org\/test2\/wp-content\/uploads\/photo_lebel_rene.jpg\" title=\"Ren\u00e9 Lebel\" >\n\t\t\t\t\t\t\t\t\t\t\t\t\t\t\t\t<img decoding=\"async\" width=&quot;125&quot; height=&quot;125&quot; style=\"width:125px; height:125px; border-width: 10px; border-color:#f1f1f1;border: 10px solid #f1f1f1\" alt=\"\" title=\"Ren\u00e9 Lebel\" src=\"https:\/\/cimbcc.org\/test2\/wp-content\/uploads\/photo_lebel_rene-125x125.jpg\" rel=\"https:\/\/cimbcc.org\/test2\/wp-content\/uploads\/photo_lebel_rene.jpg\" \/>\t\t\t\t\t\t\t\t\t\t\t\t\t\t\t<\/a>\n\t\t\t\t\t\t\t\t\t\t\t\t\t\t\t\t\t\t\t\t\t\t\t\t\t\t<\/p>\n\t\t\t\t\t\t\t\t\t\t\t\t\t\t\t\t\t\t\t\t\t\t\t\t\t<div \n\t\t\t\t\t\t\t\t\t\t\t\t\tstyle=\"width:145px;\"\t\t\t\t\t\t\t\t\t\t\t\t\tclass=\"gllr_single_image_text gllr_single_image_text_under\">Ren\u00e9 Lebel&nbsp;<\/div>\n\t\t\t\t\t\t\t\t\t\t\t\t\t\t\t\t\t\t\t\t\t\t\t<\/div><!-- .gllr_image_block -->\n\t\t\t\t\t\t\t\t\t\t\t\t\t\t\t\t\t\t\t\t\t<div class=\"clear\"><\/div>\n\t\t\t\t\t\t\t\t\t\t<\/div><!-- .gllr_image_row -->\n\t\t\t\t\t\t\t\t\t\t\t\t\t\t\t\t\t<\/div><!-- .gallery.clearfix -->\n\t\t\t\t\t\t\t\t\t\t\t\t\t\t<\/div><!-- .gallery_box_single -->\n\t\t\t\t\t\t<div class=\"gllr_clear\"><\/div>\n\t\t\t\t\t\t\n\n\n\n<p>Si vous d\u00e9sirez vous joindre \u00e0 l&rsquo;\u00e9quipe d&rsquo;assistance technique en salle, communiquez avec le responsable de l&rsquo;activit\u00e9 au moyen de la page <strong>Autres Questions<\/strong> de l&rsquo;onglet <strong>Nous joindre<\/strong> du site du Club. Sur cette page, entrez <em>Message pour Michel C\u00f4t\u00e9 <\/em>dans le champ <strong>Sujet,<\/strong>&nbsp; puis, indiquez dans le champ <strong>Votre message<\/strong> que vous d\u00e9sirez vous joindre \u00e0 son \u00e9quipe et fournissez vos coordonn\u00e9es. Cliquez <a href=\"https:\/\/cimbcc.org\/test2\/nous-joindre\/nous-joindre-autres-questions\" target=\"_blank\" rel=\"noopener noreferrer\">ici<\/a> pour acc\u00e9der \u00e0 la page <strong>Autres Questions<\/strong> de l&rsquo;onglet <strong>Nous joindre<\/strong>.<\/p>\n\n\n\n<p>&nbsp;<\/p>\n\n\n\n<div class=\"wp-block-group\"><div class=\"wp-block-group__inner-container is-layout-constrained wp-block-group-is-layout-constrained\">\n<div style=\"height:50px\" aria-hidden=\"true\" class=\"wp-block-spacer\"><\/div>\n\n\n\n<p class=\"has-small-font-size\">Derni\u00e8re r\u00e9vision de cette page : ao\u00fbt 2024.<\/p>\n\n\n\n<p class=\"has-small-font-size\">Responsable de la mise \u00e0 jour de cette page : Sylvain Garneau.<\/p>\n<\/div><\/div>\n","protected":false},"excerpt":{"rendered":"<p>Des b\u00e9n\u00e9voles r\u00e9pondent aux questions des membres en salle le mercredi apr\u00e8s-midi et le vendredi apr\u00e8s-midi. Les membres du Club informatique peuvent se pr\u00e9valoir de ce service pour obtenir de br\u00e8ves informations sur la fa\u00e7on d\u2019effectuer une op\u00e9ration ou pour obtenir de l\u2019aide lorsqu\u2019ils ont un probl\u00e8me avec leur ordinateur, leur tablette ou leur t\u00e9l\u00e9phone &hellip; <a href=\"https:\/\/cimbcc.org\/test2\/gallery\/benevoles_assistance_avant_presentations\/\" class=\"more-link\">Continuer la lecture de <span class=\"screen-reader-text\">B\u00e9n\u00e9voles_Assistance_avant_pr\u00e9sentations<\/span>  <span class=\"meta-nav\">&rarr;<\/span><\/a><\/p>\n","protected":false},"author":3,"featured_media":0,"parent":6078,"menu_order":2,"comment_status":"closed","ping_status":"closed","template":"","meta":{"footnotes":""},"class_list":["post-6976","page","type-page","status-publish","hentry"],"_links":{"self":[{"href":"https:\/\/cimbcc.org\/test2\/wp-json\/wp\/v2\/pages\/6976","targetHints":{"allow":["GET"]}}],"collection":[{"href":"https:\/\/cimbcc.org\/test2\/wp-json\/wp\/v2\/pages"}],"about":[{"href":"https:\/\/cimbcc.org\/test2\/wp-json\/wp\/v2\/types\/page"}],"author":[{"embeddable":true,"href":"https:\/\/cimbcc.org\/test2\/wp-json\/wp\/v2\/users\/3"}],"replies":[{"embeddable":true,"href":"https:\/\/cimbcc.org\/test2\/wp-json\/wp\/v2\/comments?post=6976"}],"version-history":[{"count":109,"href":"https:\/\/cimbcc.org\/test2\/wp-json\/wp\/v2\/pages\/6976\/revisions"}],"predecessor-version":[{"id":53679,"href":"https:\/\/cimbcc.org\/test2\/wp-json\/wp\/v2\/pages\/6976\/revisions\/53679"}],"up":[{"embeddable":true,"href":"https:\/\/cimbcc.org\/test2\/wp-json\/wp\/v2\/pages\/6078"}],"wp:attachment":[{"href":"https:\/\/cimbcc.org\/test2\/wp-json\/wp\/v2\/media?parent=6976"}],"curies":[{"name":"wp","href":"https:\/\/api.w.org\/{rel}","templated":true}]}}