{"id":7713,"date":"2013-10-31T20:53:28","date_gmt":"2013-11-01T01:53:28","guid":{"rendered":"https:\/\/cimbcc.org\/test2\/?page_id=7713"},"modified":"2024-09-04T08:25:46","modified_gmt":"2024-09-04T12:25:46","slug":"atelier-de-montage-dun-site-web-et-dun-blogue","status":"publish","type":"page","link":"https:\/\/cimbcc.org\/test2\/partage-de-connaissances\/les-ateliers\/atelier-de-montage-dun-site-web-et-dun-blogue\/","title":{"rendered":"Montage d&rsquo;un site Web et d&rsquo;un blogue"},"content":{"rendered":"<table style=\"width: 80.5907%; border-collapse: collapse; background-color: #5574ad; height: 38px;\">\n<tbody>\n<tr>\n<td style=\"width: 100%;\"><span style=\"font-size: 12pt;\"><strong><span style=\"color: #ffffff;\">CET ATELIER N&rsquo;EST PAS OFFERT \u00c0 L&rsquo;HIVER 2024<\/span><\/strong><\/span><\/td>\n<\/tr>\n<\/tbody>\n<\/table>\n<h2><span style=\"color: #333399;\">\u00c0 qui s\u2019adresse l\u2019atelier<\/span><\/h2>\n<h2><span style=\"font-size: 14pt;\">Aux membres qui veulent apprendre \u00e0 construire un site Web et un blogue avec le logiciel WordPress.<\/span><\/h2>\n<h2><span style=\"color: #333399;\">Description de l\u2019atelier<\/span><\/h2>\n<ul>\n<li><span style=\"font-size: 14pt;\">Apprentissage du logiciel WordPress.<\/span><\/li>\n<li><span style=\"font-size: 14pt;\">Montage d\u2019un site web.<\/span><\/li>\n<li><span style=\"font-size: 14pt;\">Montage d\u2019un blogue.<\/span><\/li>\n<\/ul>\n<h2><span style=\"color: #333399;\">Mat\u00e9riel utilis\u00e9<\/span><\/h2>\n<ul>\n<li style=\"text-align: left;\"><span style=\"font-size: 14pt;\">\u00a0L\u2019utilisation d\u2019un ordinateur portable est pr\u00e9f\u00e9rable.<\/span><\/li>\n<li style=\"text-align: left;\"><span style=\"font-size: 14pt;\">\u00a0Une tablette avec le navigateur Chrome est aussi accept\u00e9e. Il faudra y sauvegarder textes et photos, et pouvoir les retrouver pour les ins\u00e9rer dans votre site.<\/span><\/li>\n<\/ul>\n<h2><span style=\"color: #333399;\">Pr\u00e9cisions<\/span><\/h2>\n<p><span style=\"font-size: 14pt;\">Cet atelier accepte un maximum de 10 participants.<\/span><\/p>\n<h2><span style=\"color: #333399;\">Pr\u00e9requis<\/span><\/h2>\n<ul>\n<li><span style=\"font-size: 14pt;\">Savoir utiliser un navigateur Web, comme Chrome ou Internet Explorer.<\/span><\/li>\n<li><span style=\"font-size: 14pt;\">Conna\u00eetre les fonctions de base d\u2019un logiciel de traitement de texte comme Word.<\/span><\/li>\n<\/ul>\n<h2><span style=\"color: #333399;\">Fonctionnement<\/span><\/h2>\n<p><span style=\"font-size: 14pt;\">Avant chaque r\u00e9union, l\u2019animateur envoie un ordre du jour et des documents d&rsquo;accompagnement. <\/span><span style=\"font-size: 14pt;\">Il est important que les participants lisent ces documents et fassent ces travaux avant la r\u00e9union suivante pour ne pas retarder le groupe et pour comprendre ce qui sera pr\u00e9sent\u00e9 lors de la prochaine r\u00e9union.<\/span><\/p>\n<h2><span style=\"color: #333399;\">Contenu des r\u00e9unions<\/span><\/h2>\n<p><span style=\"font-size: 14pt;\">Le contenu des r\u00e9unions de cet atelier s\u2019adapte \u00e0 la progression des participants et \u00e0 l\u2019\u00e9volution de leur projet. Les sujets suivants seront abord\u00e9s :<\/span><\/p>\n<ul>\n<li><span style=\"font-size: 14pt;\">D\u00e9finition de site statique, blogue dynamique.<\/span><\/li>\n<li><span style=\"font-size: 14pt;\">Organisation serveur, poste de travail.<\/span><\/li>\n<li><span style=\"font-size: 14pt;\">Implantations de WordPress.<\/span><\/li>\n<li><span style=\"font-size: 14pt;\">Vocabulaire.<\/span><\/li>\n<li><span style=\"font-size: 14pt;\">Tableau de bord.<\/span><\/li>\n<li><span style=\"font-size: 14pt;\">Cr\u00e9ation d\u2019un blogue-site.<\/span><\/li>\n<li><span style=\"font-size: 14pt;\">R\u00e9daction de pages et d\u2019articles avec le nouvel \u00e9diteur de blocs, Gutenberg.<\/span><\/li>\n<li><span style=\"font-size: 14pt;\">Organisation en menu, arborescence.<\/span><\/li>\n<li><span style=\"font-size: 14pt;\">Mise en \u00e9cran : les th\u00e8mes.<\/span><\/li>\n<li><span style=\"font-size: 14pt;\">Widgets.<\/span><\/li>\n<li><span style=\"font-size: 14pt;\">Biblioth\u00e8que des m\u00e9dias.<\/span><\/li>\n<li><span style=\"font-size: 14pt;\">Visite de sites remarquables.<\/span><\/li>\n<\/ul>\n<p><span style=\"font-size: 14pt;\">Chaque participant pr\u00e9sentera au groupe l\u2019\u00e9volution de son site.<\/span><\/p>\n<h2><span style=\"color: #333399;\">Quand<\/span><\/h2>\n<p style=\"text-align: left;\"><span style=\"font-size: 14pt;\">L\u2019atelier se compose de 6 r\u00e9unions de 2 \u00bd heures. Les r\u00e9unions ont lieu le lundi soir, de 19 h 30 \u00e0 22 h 00 aux dates suivantes:<\/span><\/p>\n<ul>\n<li><\/li>\n<\/ul>\n<h2><span style=\"color: #333399;\">O\u00f9<\/span><\/h2>\n<p><span style=\"font-size: 14pt;\">Centre communautaire de Saint-Bruno, <a href=\"https:\/\/www.google.ca\/maps\/place\/53+Chemin+de+la+Rabastali%C3%A8re+E,+Saint-Bruno-de-Montarville,+QC+J3V+3T5\/@45.5291804,-73.3449621,17z\/data=!3m1!4b1!4m5!3m4!1s0x4cc901374789e19b:0x5756b7b7e9d35e34!8m2!3d45.5291804!4d-73.3427734?hl=fr\" target=\"_blank\" rel=\"noopener noreferrer\">53, chemin De La Rabastali\u00e8re Est, Saint-Bruno-de-Montarville J3V 2A4\u00a0<\/a><\/span><\/p>\n<p><span style=\"font-size: 14pt;\">Salle 120<\/span><\/p>\n<p>Le bouton \u00ab\u00a0Inscription \u00e0 l&rsquo;atelier\u00a0\u00bb ci-dessous n&rsquo;est pas fonctionnel \u00e0 l&rsquo;ext\u00e9rieur des p\u00e9riodes d&rsquo;inscriptions aux ateliers.<\/p>\n<p><a href=\"https:\/\/cimbcc.org\/test2\/partage-de-connaissances\/les-ateliers\/atelier-de-montage-dun-site-web-et-dun-blogue\/formulaire-atelier-de-montage-dun-site-web-et-dun-blogue\" target=\"_blank\" rel=\"noopener\"><button>Inscription \u00e0 l&rsquo;atelier<\/button><\/a><\/p>\n<h3><span style=\"font-size: 14pt;\">Responsable de l\u2019atelier<\/span><\/h3>\n<figure id=\"attachment_24164\" aria-describedby=\"caption-attachment-24164\" style=\"width: 125px\" class=\"wp-caption alignleft\"><img loading=\"lazy\" decoding=\"async\" class=\"size-full wp-image-24164\" src=\"https:\/\/cimbcc.org\/test2\/wp-content\/uploads\/photo_presne_jean.jpg\" alt=\"\" width=\"125\" height=\"125\" \/><figcaption id=\"caption-attachment-24164\" class=\"wp-caption-text\">Jean Presne<\/figcaption><\/figure>\n<h3><\/h3>\n<p><span style=\"font-size: x-small;\">Derni\u00e8re r\u00e9vision de cette page: ao\u00fbt 2024. <\/span><span style=\"font-size: x-small;\">Responsable de la mise \u00e0 jour de cette page : Danielle Barab\u00e9.<\/span><\/p>\n","protected":false},"excerpt":{"rendered":"<p>CET ATELIER N&rsquo;EST PAS OFFERT \u00c0 L&rsquo;HIVER 2024 \u00c0 qui s\u2019adresse l\u2019atelier Aux membres qui veulent apprendre \u00e0 construire un site Web et un blogue avec le logiciel WordPress. Description de l\u2019atelier Apprentissage du logiciel WordPress. Montage d\u2019un site web. Montage d\u2019un blogue. Mat\u00e9riel utilis\u00e9 \u00a0L\u2019utilisation d\u2019un ordinateur portable est pr\u00e9f\u00e9rable. \u00a0Une tablette avec le &hellip; <a href=\"https:\/\/cimbcc.org\/test2\/partage-de-connaissances\/les-ateliers\/atelier-de-montage-dun-site-web-et-dun-blogue\/\" class=\"more-link\">Continuer la lecture de <span class=\"screen-reader-text\">Montage d&rsquo;un site Web et d&rsquo;un blogue<\/span>  <span class=\"meta-nav\">&rarr;<\/span><\/a><\/p>\n","protected":false},"author":3,"featured_media":0,"parent":100,"menu_order":200,"comment_status":"closed","ping_status":"closed","template":"","meta":{"footnotes":""},"class_list":["post-7713","page","type-page","status-publish","hentry"],"_links":{"self":[{"href":"https:\/\/cimbcc.org\/test2\/wp-json\/wp\/v2\/pages\/7713","targetHints":{"allow":["GET"]}}],"collection":[{"href":"https:\/\/cimbcc.org\/test2\/wp-json\/wp\/v2\/pages"}],"about":[{"href":"https:\/\/cimbcc.org\/test2\/wp-json\/wp\/v2\/types\/page"}],"author":[{"embeddable":true,"href":"https:\/\/cimbcc.org\/test2\/wp-json\/wp\/v2\/users\/3"}],"replies":[{"embeddable":true,"href":"https:\/\/cimbcc.org\/test2\/wp-json\/wp\/v2\/comments?post=7713"}],"version-history":[{"count":118,"href":"https:\/\/cimbcc.org\/test2\/wp-json\/wp\/v2\/pages\/7713\/revisions"}],"predecessor-version":[{"id":50494,"href":"https:\/\/cimbcc.org\/test2\/wp-json\/wp\/v2\/pages\/7713\/revisions\/50494"}],"up":[{"embeddable":true,"href":"https:\/\/cimbcc.org\/test2\/wp-json\/wp\/v2\/pages\/100"}],"wp:attachment":[{"href":"https:\/\/cimbcc.org\/test2\/wp-json\/wp\/v2\/media?parent=7713"}],"curies":[{"name":"wp","href":"https:\/\/api.w.org\/{rel}","templated":true}]}}